{"id":4571,"date":"2024-09-30T12:10:13","date_gmt":"2024-09-30T09:10:13","guid":{"rendered":""},"modified":"2024-10-02T09:25:26","modified_gmt":"2024-10-02T06:25:26","slug":"odeon-of-herodes-atticus","status":"publish","type":"page","link":"https:\/\/offbeat-travel.com\/fr\/greece\/attica\/odeon-of-herodes-atticus\/","title":{"rendered":"Meilleure agence de voyage en Gr\u00e8ce pour des exp\u00e9riences authentiques \u00e0 l&rsquo;Od\u00e9on d&rsquo;H\u00e9rode Atticus"},"content":{"rendered":"\t\t<div data-elementor-type=\"wp-post\" data-elementor-id=\"4571\" class=\"elementor elementor-4571 elementor-3351\" data-elementor-post-type=\"page\">\n\t\t\t\t<div data-particle_enable=\"false\" data-particle-mobile-disabled=\"false\" class=\"elementor-element elementor-element-350d882 e-flex e-con-boxed e-con e-parent\" data-id=\"350d882\" data-element_type=\"container\" data-settings=\"{&quot;background_background&quot;:&quot;classic&quot;}\">\n\t\t\t\t\t<div class=\"e-con-inner\">\n\t\t<div data-particle_enable=\"false\" data-particle-mobile-disabled=\"false\" class=\"elementor-element elementor-element-bb309df e-con-full e-flex e-con e-child\" data-id=\"bb309df\" data-element_type=\"container\">\n\t\t\t\t<div class=\"elementor-element elementor-element-95884c3 elementor-widget elementor-widget-heading\" data-id=\"95884c3\" data-element_type=\"widget\" data-widget_type=\"heading.default\">\n\t\t\t\t<div class=\"elementor-widget-container\">\n\t\t\t\t\t<h2 class=\"elementor-heading-title elementor-size-default\">Od\u00e9on d'H\u00e9rode Atticus<\/h2>\t\t\t\t<\/div>\n\t\t\t\t<\/div>\n\t\t\t\t<\/div>\n\t\t\t\t\t<\/div>\n\t\t\t\t<\/div>\n\t\t<div data-particle_enable=\"false\" data-particle-mobile-disabled=\"false\" class=\"elementor-element elementor-element-d2674a3 e-flex e-con-boxed e-con e-parent\" data-id=\"d2674a3\" data-element_type=\"container\">\n\t\t\t\t\t<div class=\"e-con-inner\">\n\t\t\t\t<div class=\"elementor-element elementor-element-e402c62 elementor-widget elementor-widget-heading\" data-id=\"e402c62\" data-element_type=\"widget\" data-widget_type=\"heading.default\">\n\t\t\t\t<div class=\"elementor-widget-container\">\n\t\t\t\t\t<h1 class=\"elementor-heading-title elementor-size-default\">Meilleure agence de voyage en Gr\u00e8ce pour des exp\u00e9riences authentiques \u00e0 l'Od\u00e9on d'H\u00e9rode Atticus<\/h1>\t\t\t\t<\/div>\n\t\t\t\t<\/div>\n\t\t\t\t<div class=\"elementor-element elementor-element-e254d5a elementor-widget elementor-widget-text-editor\" data-id=\"e254d5a\" data-element_type=\"widget\" data-widget_type=\"text-editor.default\">\n\t\t\t\t<div class=\"elementor-widget-container\">\n\t\t\t\t\t\t\t\t\t<p>L&rsquo;Od\u00e9on d&rsquo;H\u00e9rode Atticus est un ancien th\u00e9\u00e2tre en pierre situ\u00e9 sur les pentes de l&rsquo;Acropole.<br \/>\nConstruit en 161 apr\u00e8s J.-C., l&rsquo;Od\u00e9on est toujours utilis\u00e9 aujourd&rsquo;hui et accueille des spectacles de musique classique, de th\u00e9\u00e2tre et de danse pendant le Festival d&rsquo;Ath\u00e8nes.<br \/>\nL&rsquo;architecture impressionnante du th\u00e9\u00e2tre, combin\u00e9e \u00e0 l&rsquo;arri\u00e8re-plan de l&rsquo;Acropole, constitue une exp\u00e9rience culturelle inoubliable.<br \/>\nQue vous assistiez \u00e0 un spectacle ou que vous visitiez simplement le site, l&rsquo;Od\u00e9on d&rsquo;H\u00e9rode Atticus est une destination incontournable pour tous ceux qui s&rsquo;int\u00e9ressent au riche patrimoine artistique de la Gr\u00e8ce.   <\/p>\n\t\t\t\t\t\t\t\t<\/div>\n\t\t\t\t<\/div>\n\t\t\t\t\t<\/div>\n\t\t\t\t<\/div>\n\t\t<div data-particle_enable=\"false\" data-particle-mobile-disabled=\"false\" class=\"elementor-element elementor-element-d88cc1b e-flex e-con-boxed e-con e-parent\" data-id=\"d88cc1b\" data-element_type=\"container\">\n\t\t\t\t\t<div class=\"e-con-inner\">\n\t\t<div data-particle_enable=\"false\" data-particle-mobile-disabled=\"false\" class=\"elementor-element elementor-element-64b3368 e-con-full e-flex e-con e-child\" data-id=\"64b3368\" data-element_type=\"container\">\n\t\t\t\t<div class=\"elementor-element elementor-element-96d8ea5 elementor-widget elementor-widget-heading\" data-id=\"96d8ea5\" data-element_type=\"widget\" data-widget_type=\"heading.default\">\n\t\t\t\t<div class=\"elementor-widget-container\">\n\t\t\t\t\t<h3 class=\"elementor-heading-title elementor-size-default\">D\u00e9couvrez les meilleurs sites \u00e0 voir en Attique<\/h3>\t\t\t\t<\/div>\n\t\t\t\t<\/div>\n\t\t\t\t<\/div>\n\t\t\t\t\t<\/div>\n\t\t\t\t<\/div>\n\t\t<div data-particle_enable=\"false\" data-particle-mobile-disabled=\"false\" class=\"elementor-element elementor-element-74d21ee e-flex e-con-boxed e-con e-parent\" data-id=\"74d21ee\" data-element_type=\"container\">\n\t\t\t\t\t<div class=\"e-con-inner\">\n\t\t<div data-particle_enable=\"false\" data-particle-mobile-disabled=\"false\" class=\"elementor-element elementor-element-541869e e-con-full e-flex e-con e-child\" data-id=\"541869e\" data-element_type=\"container\">\n\t\t\t\t<div class=\"elementor-element elementor-element-edffe39 elementor-widget elementor-widget-eael-interactive-promo\" data-id=\"edffe39\" data-element_type=\"widget\" data-widget_type=\"eael-interactive-promo.default\">\n\t\t\t\t<div class=\"elementor-widget-container\">\n\t\t\t\t\t\t\t<div id=\"eael-promo-edffe39\" class=\"eael-interactive-promo\">\n\t\t\t<figure class=\"effect-ming\">\n\t\t\t\t<img decoding=\"async\" alt=\"\" src=\"https:\/\/offbeat-travel.com\/wp-content\/uploads\/2024\/09\/Best-travel-agency-in-Greece-for-authentic-experiences-in-National-Archaeological-Museum.jpg\">\t\t\t\t<figcaption>\n\t\t\t\t\t<div>\n\t\t\t\t\t\t\t\t\t\t\t\t\t<h2>Mus\u00e9e arch\u00e9ologique national<\/h2>\n\t\t\t\t\t\t\n\t\t\t\t\t\t<p><\/p>\n\t\t\t\t\t<\/div>\n\t\t\t\t\t                        <a aria-label=\"Mus\u00e9e arch\u00e9ologique national\" href=\"#\" target=\"_blank\"><\/a>\n\t\t\t\t\t\t\t\t\t<\/figcaption>\n\t\t\t<\/figure>\n\t\t<\/div>\n\t\t\t\t\t\t<\/div>\n\t\t\t\t<\/div>\n\t\t\t\t<div class=\"elementor-element elementor-element-8ea9c06 elementor-widget elementor-widget-eael-interactive-promo\" data-id=\"8ea9c06\" data-element_type=\"widget\" data-widget_type=\"eael-interactive-promo.default\">\n\t\t\t\t<div class=\"elementor-widget-container\">\n\t\t\t\t\t\t\t<div id=\"eael-promo-8ea9c06\" class=\"eael-interactive-promo\">\n\t\t\t<figure class=\"effect-ming\">\n\t\t\t\t<img decoding=\"async\" alt=\"\" src=\"https:\/\/offbeat-travel.com\/wp-content\/uploads\/2024\/09\/Best-travel-agency-in-Greece-for-authentic-experiences-in-Temple-of-Poseidon.jpg\">\t\t\t\t<figcaption>\n\t\t\t\t\t<div>\n\t\t\t\t\t\t\t\t\t\t\t\t\t<h2>Temple de Pos\u00e9idon<\/h2>\n\t\t\t\t\t\t\n\t\t\t\t\t\t<p><\/p>\n\t\t\t\t\t<\/div>\n\t\t\t\t\t                        <a aria-label=\"Temple de Pos\u00e9idon\" href=\"#\" target=\"_blank\"><\/a>\n\t\t\t\t\t\t\t\t\t<\/figcaption>\n\t\t\t<\/figure>\n\t\t<\/div>\n\t\t\t\t\t\t<\/div>\n\t\t\t\t<\/div>\n\t\t\t\t<div class=\"elementor-element elementor-element-cc1fe75 elementor-widget elementor-widget-eael-interactive-promo\" data-id=\"cc1fe75\" data-element_type=\"widget\" data-widget_type=\"eael-interactive-promo.default\">\n\t\t\t\t<div class=\"elementor-widget-container\">\n\t\t\t\t\t\t\t<div id=\"eael-promo-cc1fe75\" class=\"eael-interactive-promo\">\n\t\t\t<figure class=\"effect-ming\">\n\t\t\t\t<img decoding=\"async\" alt=\"\" src=\"https:\/\/offbeat-travel.com\/wp-content\/uploads\/2024\/09\/Best-travel-agency-in-Greece-for-authentic-experiences-in-Ancient-Agora-of-Athens.jpg\">\t\t\t\t<figcaption>\n\t\t\t\t\t<div>\n\t\t\t\t\t\t\t\t\t\t\t\t\t<h2>Agora antique d&#039;Ath\u00e8nes<\/h2>\n\t\t\t\t\t\t\n\t\t\t\t\t\t<p><\/p>\n\t\t\t\t\t<\/div>\n\t\t\t\t\t                        <a aria-label=\"Agora antique d&#039;Ath\u00e8nes\" href=\"#\" target=\"_blank\"><\/a>\n\t\t\t\t\t\t\t\t\t<\/figcaption>\n\t\t\t<\/figure>\n\t\t<\/div>\n\t\t\t\t\t\t<\/div>\n\t\t\t\t<\/div>\n\t\t\t\t<\/div>\n\t\t<div data-particle_enable=\"false\" data-particle-mobile-disabled=\"false\" class=\"elementor-element elementor-element-e6f88f4 e-con-full e-flex e-con e-child\" data-id=\"e6f88f4\" data-element_type=\"container\">\n\t\t\t\t<div class=\"elementor-element elementor-element-e88fc78 elementor-widget elementor-widget-eael-interactive-promo\" data-id=\"e88fc78\" data-element_type=\"widget\" data-widget_type=\"eael-interactive-promo.default\">\n\t\t\t\t<div class=\"elementor-widget-container\">\n\t\t\t\t\t\t\t<div id=\"eael-promo-e88fc78\" class=\"eael-interactive-promo\">\n\t\t\t<figure class=\"effect-ming\">\n\t\t\t\t<img decoding=\"async\" alt=\"\" src=\"https:\/\/offbeat-travel.com\/wp-content\/uploads\/2024\/09\/Best-travel-agency-in-Greece-for-authentic-experiences-in-Panathenaic-Stadium.jpg\">\t\t\t\t<figcaption>\n\t\t\t\t\t<div>\n\t\t\t\t\t\t\t\t\t\t\t\t\t<h2>Stade panath\u00e9na\u00efque<\/h2>\n\t\t\t\t\t\t\n\t\t\t\t\t\t<p><\/p>\n\t\t\t\t\t<\/div>\n\t\t\t\t\t                        <a aria-label=\"Stade panath\u00e9na\u00efque\" href=\"#\" target=\"_blank\"><\/a>\n\t\t\t\t\t\t\t\t\t<\/figcaption>\n\t\t\t<\/figure>\n\t\t<\/div>\n\t\t\t\t\t\t<\/div>\n\t\t\t\t<\/div>\n\t\t\t\t<div class=\"elementor-element elementor-element-cdf4f78 elementor-widget elementor-widget-eael-interactive-promo\" data-id=\"cdf4f78\" data-element_type=\"widget\" data-widget_type=\"eael-interactive-promo.default\">\n\t\t\t\t<div class=\"elementor-widget-container\">\n\t\t\t\t\t\t\t<div id=\"eael-promo-cdf4f78\" class=\"eael-interactive-promo\">\n\t\t\t<figure class=\"effect-ming\">\n\t\t\t\t<img decoding=\"async\" alt=\"\" src=\"https:\/\/offbeat-travel.com\/wp-content\/uploads\/2024\/09\/Best-travel-agency-in-Greece-for-authentic-experiences-in-Odeon-of-Herodes-Atticus.jpg\">\t\t\t\t<figcaption>\n\t\t\t\t\t<div>\n\t\t\t\t\t\t\t\t\t\t\t\t\t<h2>Od\u00e9on d&#039;H\u00e9rode Atticus<\/h2>\n\t\t\t\t\t\t\n\t\t\t\t\t\t<p><\/p>\n\t\t\t\t\t<\/div>\n\t\t\t\t\t                        <a aria-label=\"Od\u00e9on d&#039;H\u00e9rode Atticus\" href=\"#\" target=\"_blank\"><\/a>\n\t\t\t\t\t\t\t\t\t<\/figcaption>\n\t\t\t<\/figure>\n\t\t<\/div>\n\t\t\t\t\t\t<\/div>\n\t\t\t\t<\/div>\n\t\t\t\t<div class=\"elementor-element elementor-element-f5d19da elementor-widget elementor-widget-eael-interactive-promo\" data-id=\"f5d19da\" data-element_type=\"widget\" data-widget_type=\"eael-interactive-promo.default\">\n\t\t\t\t<div class=\"elementor-widget-container\">\n\t\t\t\t\t\t\t<div id=\"eael-promo-f5d19da\" class=\"eael-interactive-promo\">\n\t\t\t<figure class=\"effect-ming\">\n\t\t\t\t<img decoding=\"async\" alt=\"\" src=\"https:\/\/offbeat-travel.com\/wp-content\/uploads\/2024\/09\/Best-travel-agency-in-Greece-for-authentic-experiences-in-Acropolis-of-Athens.jpg\">\t\t\t\t<figcaption>\n\t\t\t\t\t<div>\n\t\t\t\t\t\t\t\t\t\t\t\t\t<h2>Acropole d&#039;Ath\u00e8nes<\/h2>\n\t\t\t\t\t\t\n\t\t\t\t\t\t<p><\/p>\n\t\t\t\t\t<\/div>\n\t\t\t\t\t                        <a aria-label=\"Acropole d&#039;Ath\u00e8nes\" href=\"#\" target=\"_blank\"><\/a>\n\t\t\t\t\t\t\t\t\t<\/figcaption>\n\t\t\t<\/figure>\n\t\t<\/div>\n\t\t\t\t\t\t<\/div>\n\t\t\t\t<\/div>\n\t\t\t\t<\/div>\n\t\t<div data-particle_enable=\"false\" data-particle-mobile-disabled=\"false\" class=\"elementor-element elementor-element-660300b e-con-full e-flex e-con e-child\" data-id=\"660300b\" data-element_type=\"container\">\n\t\t\t\t<div class=\"elementor-element elementor-element-9c54461 elementor-widget elementor-widget-eael-interactive-promo\" data-id=\"9c54461\" data-element_type=\"widget\" data-widget_type=\"eael-interactive-promo.default\">\n\t\t\t\t<div class=\"elementor-widget-container\">\n\t\t\t\t\t\t\t<div id=\"eael-promo-9c54461\" class=\"eael-interactive-promo\">\n\t\t\t<figure class=\"effect-ming\">\n\t\t\t\t<img decoding=\"async\" alt=\"\" src=\"https:\/\/offbeat-travel.com\/wp-content\/uploads\/2024\/09\/Best-travel-agency-in-Greece-for-authentic-experiences-in-Eleusis.jpg\">\t\t\t\t<figcaption>\n\t\t\t\t\t<div>\n\t\t\t\t\t\t\t\t\t\t\t\t\t<h2>\u00c9leusis<\/h2>\n\t\t\t\t\t\t\n\t\t\t\t\t\t<p><\/p>\n\t\t\t\t\t<\/div>\n\t\t\t\t\t                        <a aria-label=\"\u00c9leusis\" href=\"#\" target=\"_blank\"><\/a>\n\t\t\t\t\t\t\t\t\t<\/figcaption>\n\t\t\t<\/figure>\n\t\t<\/div>\n\t\t\t\t\t\t<\/div>\n\t\t\t\t<\/div>\n\t\t\t\t<div class=\"elementor-element elementor-element-96f57cd elementor-widget elementor-widget-eael-interactive-promo\" data-id=\"96f57cd\" data-element_type=\"widget\" data-widget_type=\"eael-interactive-promo.default\">\n\t\t\t\t<div class=\"elementor-widget-container\">\n\t\t\t\t\t\t\t<div id=\"eael-promo-96f57cd\" class=\"eael-interactive-promo\">\n\t\t\t<figure class=\"effect-ming\">\n\t\t\t\t<img decoding=\"async\" alt=\"\" src=\"https:\/\/offbeat-travel.com\/wp-content\/uploads\/2024\/09\/Best-travel-agency-in-Greece-for-authentic-experiences-in-Plaka.jpg\">\t\t\t\t<figcaption>\n\t\t\t\t\t<div>\n\t\t\t\t\t\t\t\t\t\t\t\t\t<h2>Plaka<\/h2>\n\t\t\t\t\t\t\n\t\t\t\t\t\t<p><\/p>\n\t\t\t\t\t<\/div>\n\t\t\t\t\t                        <a aria-label=\"Plaka\" href=\"#\" target=\"_blank\"><\/a>\n\t\t\t\t\t\t\t\t\t<\/figcaption>\n\t\t\t<\/figure>\n\t\t<\/div>\n\t\t\t\t\t\t<\/div>\n\t\t\t\t<\/div>\n\t\t\t\t<\/div>\n\t\t\t\t\t<\/div>\n\t\t\t\t<\/div>\n\t\t\t\t<\/div>\n\t\t","protected":false},"excerpt":{"rendered":"<p>Vous souhaitez visiter l&rsquo;Od\u00e9on d&rsquo;H\u00e9rode Atticus ?<br \/>\nD\u00e9couvrez les meilleurs sites \u00e0 voir \u00e0 l&rsquo;Od\u00e9on d&rsquo;H\u00e9rode Atticus et r\u00e9servez d\u00e8s maintenant le forfait de voyage qui vous convient aupr\u00e8s de Offbeat Travel. <\/p>\n","protected":false},"author":3,"featured_media":2870,"parent":4561,"menu_order":0,"comment_status":"closed","ping_status":"closed","template":"elementor_header_footer","meta":{"footnotes":""},"class_list":["post-4571","page","type-page","status-publish","has-post-thumbnail","hentry"],"_links":{"self":[{"href":"https:\/\/offbeat-travel.com\/fr\/wp-json\/wp\/v2\/pages\/4571","targetHints":{"allow":["GET"]}}],"collection":[{"href":"https:\/\/offbeat-travel.com\/fr\/wp-json\/wp\/v2\/pages"}],"about":[{"href":"https:\/\/offbeat-travel.com\/fr\/wp-json\/wp\/v2\/types\/page"}],"author":[{"embeddable":true,"href":"https:\/\/offbeat-travel.com\/fr\/wp-json\/wp\/v2\/users\/3"}],"replies":[{"embeddable":true,"href":"https:\/\/offbeat-travel.com\/fr\/wp-json\/wp\/v2\/comments?post=4571"}],"version-history":[{"count":4,"href":"https:\/\/offbeat-travel.com\/fr\/wp-json\/wp\/v2\/pages\/4571\/revisions"}],"predecessor-version":[{"id":4861,"href":"https:\/\/offbeat-travel.com\/fr\/wp-json\/wp\/v2\/pages\/4571\/revisions\/4861"}],"up":[{"embeddable":true,"href":"https:\/\/offbeat-travel.com\/fr\/wp-json\/wp\/v2\/pages\/4561"}],"wp:featuredmedia":[{"embeddable":true,"href":"https:\/\/offbeat-travel.com\/fr\/wp-json\/wp\/v2\/media\/2870"}],"wp:attachment":[{"href":"https:\/\/offbeat-travel.com\/fr\/wp-json\/wp\/v2\/media?parent=4571"}],"curies":[{"name":"wp","href":"https:\/\/api.w.org\/{rel}","templated":true}]}}