{"id":4620,"date":"2024-09-30T12:10:45","date_gmt":"2024-09-30T09:10:45","guid":{"rendered":""},"modified":"2024-10-02T09:53:22","modified_gmt":"2024-10-02T06:53:22","slug":"halkidiki","status":"publish","type":"page","link":"https:\/\/offbeat-travel.com\/fr\/greece\/central-macedonia\/halkidiki\/","title":{"rendered":"Meilleure agence de voyage en Gr\u00e8ce pour des exp\u00e9riences authentiques en Chalcidique"},"content":{"rendered":"\t\t<div data-elementor-type=\"wp-post\" data-elementor-id=\"4620\" class=\"elementor elementor-4620 elementor-3364\" data-elementor-post-type=\"page\">\n\t\t\t\t<div data-particle_enable=\"false\" data-particle-mobile-disabled=\"false\" class=\"elementor-element elementor-element-350d882 e-flex e-con-boxed e-con e-parent\" data-id=\"350d882\" data-element_type=\"container\" data-settings=\"{&quot;background_background&quot;:&quot;classic&quot;}\">\n\t\t\t\t\t<div class=\"e-con-inner\">\n\t\t<div data-particle_enable=\"false\" data-particle-mobile-disabled=\"false\" class=\"elementor-element elementor-element-bb309df e-con-full e-flex e-con e-child\" data-id=\"bb309df\" data-element_type=\"container\">\n\t\t\t\t<div class=\"elementor-element elementor-element-95884c3 elementor-widget elementor-widget-heading\" data-id=\"95884c3\" data-element_type=\"widget\" data-widget_type=\"heading.default\">\n\t\t\t\t<div class=\"elementor-widget-container\">\n\t\t\t\t\t<h2 class=\"elementor-heading-title elementor-size-default\">Thessalonique<\/h2>\t\t\t\t<\/div>\n\t\t\t\t<\/div>\n\t\t\t\t<\/div>\n\t\t\t\t\t<\/div>\n\t\t\t\t<\/div>\n\t\t<div data-particle_enable=\"false\" data-particle-mobile-disabled=\"false\" class=\"elementor-element elementor-element-d2674a3 e-flex e-con-boxed e-con e-parent\" data-id=\"d2674a3\" data-element_type=\"container\">\n\t\t\t\t\t<div class=\"e-con-inner\">\n\t\t\t\t<div class=\"elementor-element elementor-element-e402c62 elementor-widget elementor-widget-heading\" data-id=\"e402c62\" data-element_type=\"widget\" data-widget_type=\"heading.default\">\n\t\t\t\t<div class=\"elementor-widget-container\">\n\t\t\t\t\t<h1 class=\"elementor-heading-title elementor-size-default\">Meilleure agence de voyage en Gr\u00e8ce pour des exp\u00e9riences authentiques en Chalcidique<\/h1>\t\t\t\t<\/div>\n\t\t\t\t<\/div>\n\t\t\t\t<div class=\"elementor-element elementor-element-e254d5a elementor-widget elementor-widget-text-editor\" data-id=\"e254d5a\" data-element_type=\"widget\" data-widget_type=\"text-editor.default\">\n\t\t\t\t<div class=\"elementor-widget-container\">\n\t\t\t\t\t\t\t\t\t<p>La Chalcidique est une r\u00e9gion d&rsquo;une beaut\u00e9 in\u00e9gal\u00e9e, compos\u00e9e de trois p\u00e9ninsules distinctes, chacune ayant son propre charme.<br \/>\nLa premi\u00e8re, Kassandra, est connue pour sa vie nocturne anim\u00e9e et ses plages dor\u00e9es, ce qui en fait une destination estivale tr\u00e8s pris\u00e9e.<br \/>\nSithonia, en revanche, offre une retraite plus paisible avec ses criques cach\u00e9es, ses eaux turquoise et ses for\u00eats luxuriantes.<br \/>\nLa troisi\u00e8me p\u00e9ninsule, le Mont Athos, est un \u00e9tat monastique abritant 20 monast\u00e8res et class\u00e9 au patrimoine mondial de l&rsquo;UNESCO.<br \/>\nLes visiteurs de la Chalcidique peuvent profiter d&rsquo;un m\u00e9lange parfait d&rsquo;histoire, de culture et de d\u00e9tente.<br \/>\nQue vous recherchiez des stations baln\u00e9aires anim\u00e9es ou des plages isol\u00e9es, la Chalcidique a quelque chose \u00e0 offrir \u00e0 chacun.     <\/p>\n\t\t\t\t\t\t\t\t<\/div>\n\t\t\t\t<\/div>\n\t\t\t\t\t<\/div>\n\t\t\t\t<\/div>\n\t\t<div data-particle_enable=\"false\" data-particle-mobile-disabled=\"false\" class=\"elementor-element elementor-element-d88cc1b e-flex e-con-boxed e-con e-parent\" data-id=\"d88cc1b\" data-element_type=\"container\">\n\t\t\t\t\t<div class=\"e-con-inner\">\n\t\t<div data-particle_enable=\"false\" data-particle-mobile-disabled=\"false\" class=\"elementor-element elementor-element-64b3368 e-con-full e-flex e-con e-child\" data-id=\"64b3368\" data-element_type=\"container\">\n\t\t\t\t<div class=\"elementor-element elementor-element-96d8ea5 elementor-widget elementor-widget-heading\" data-id=\"96d8ea5\" data-element_type=\"widget\" data-widget_type=\"heading.default\">\n\t\t\t\t<div class=\"elementor-widget-container\">\n\t\t\t\t\t<h3 class=\"elementor-heading-title elementor-size-default\">D\u00e9couvrez les meilleurs sites \u00e0 voir en Mac\u00e9doine centrale<\/h3>\t\t\t\t<\/div>\n\t\t\t\t<\/div>\n\t\t\t\t<\/div>\n\t\t\t\t\t<\/div>\n\t\t\t\t<\/div>\n\t\t<div data-particle_enable=\"false\" data-particle-mobile-disabled=\"false\" class=\"elementor-element elementor-element-f23597f e-flex e-con-boxed e-con e-parent\" data-id=\"f23597f\" data-element_type=\"container\">\n\t\t\t\t\t<div class=\"e-con-inner\">\n\t\t<div data-particle_enable=\"false\" data-particle-mobile-disabled=\"false\" class=\"elementor-element elementor-element-5b3c14b e-con-full e-flex e-con e-child\" data-id=\"5b3c14b\" data-element_type=\"container\">\n\t\t\t\t<div class=\"elementor-element elementor-element-1057977 elementor-widget elementor-widget-eael-interactive-promo\" data-id=\"1057977\" data-element_type=\"widget\" data-widget_type=\"eael-interactive-promo.default\">\n\t\t\t\t<div class=\"elementor-widget-container\">\n\t\t\t\t\t\t\t<div id=\"eael-promo-1057977\" class=\"eael-interactive-promo\">\n\t\t\t<figure class=\"effect-ming\">\n\t\t\t\t<img decoding=\"async\" alt=\"\" src=\"https:\/\/offbeat-travel.com\/wp-content\/uploads\/2024\/09\/Best-travel-agency-in-Greece-for-authentic-experiences-in-Halkidiki.jpg\">\t\t\t\t<figcaption>\n\t\t\t\t\t<div>\n\t\t\t\t\t\t\t\t\t\t\t\t\t<h2>Chalcidique<\/h2>\n\t\t\t\t\t\t\n\t\t\t\t\t\t<p><\/p>\n\t\t\t\t\t<\/div>\n\t\t\t\t\t                        <a aria-label=\"Chalcidique\" href=\"#\" target=\"_blank\"><\/a>\n\t\t\t\t\t\t\t\t\t<\/figcaption>\n\t\t\t<\/figure>\n\t\t<\/div>\n\t\t\t\t\t\t<\/div>\n\t\t\t\t<\/div>\n\t\t\t\t<div class=\"elementor-element elementor-element-e87d174 elementor-widget elementor-widget-eael-interactive-promo\" data-id=\"e87d174\" data-element_type=\"widget\" data-widget_type=\"eael-interactive-promo.default\">\n\t\t\t\t<div class=\"elementor-widget-container\">\n\t\t\t\t\t\t\t<div id=\"eael-promo-e87d174\" class=\"eael-interactive-promo\">\n\t\t\t<figure class=\"effect-ming\">\n\t\t\t\t<img decoding=\"async\" alt=\"\" src=\"https:\/\/offbeat-travel.com\/wp-content\/uploads\/2024\/09\/Best-travel-agency-in-Greece-for-authentic-experiences-in-Vergina.jpg\">\t\t\t\t<figcaption>\n\t\t\t\t\t<div>\n\t\t\t\t\t\t\t\t\t\t\t\t\t<h2>Vergina<\/h2>\n\t\t\t\t\t\t\n\t\t\t\t\t\t<p><\/p>\n\t\t\t\t\t<\/div>\n\t\t\t\t\t                        <a aria-label=\"Vergina\" href=\"#\" target=\"_blank\"><\/a>\n\t\t\t\t\t\t\t\t\t<\/figcaption>\n\t\t\t<\/figure>\n\t\t<\/div>\n\t\t\t\t\t\t<\/div>\n\t\t\t\t<\/div>\n\t\t\t\t<div class=\"elementor-element elementor-element-06659a4 elementor-widget elementor-widget-eael-interactive-promo\" data-id=\"06659a4\" data-element_type=\"widget\" data-widget_type=\"eael-interactive-promo.default\">\n\t\t\t\t<div class=\"elementor-widget-container\">\n\t\t\t\t\t\t\t<div id=\"eael-promo-06659a4\" class=\"eael-interactive-promo\">\n\t\t\t<figure class=\"effect-ming\">\n\t\t\t\t<img decoding=\"async\" alt=\"\" src=\"https:\/\/offbeat-travel.com\/wp-content\/uploads\/2024\/09\/Best-travel-agency-in-Greece-for-authentic-experiences-in-Pella.jpg\">\t\t\t\t<figcaption>\n\t\t\t\t\t<div>\n\t\t\t\t\t\t\t\t\t\t\t\t\t<h2>Pella<\/h2>\n\t\t\t\t\t\t\n\t\t\t\t\t\t<p><\/p>\n\t\t\t\t\t<\/div>\n\t\t\t\t\t                        <a aria-label=\"Pella\" href=\"#\" target=\"_blank\"><\/a>\n\t\t\t\t\t\t\t\t\t<\/figcaption>\n\t\t\t<\/figure>\n\t\t<\/div>\n\t\t\t\t\t\t<\/div>\n\t\t\t\t<\/div>\n\t\t\t\t<\/div>\n\t\t<div data-particle_enable=\"false\" data-particle-mobile-disabled=\"false\" class=\"elementor-element elementor-element-f6ff8ba e-con-full e-flex e-con e-child\" data-id=\"f6ff8ba\" data-element_type=\"container\">\n\t\t\t\t<div class=\"elementor-element elementor-element-f418b60 elementor-widget elementor-widget-eael-interactive-promo\" data-id=\"f418b60\" data-element_type=\"widget\" data-widget_type=\"eael-interactive-promo.default\">\n\t\t\t\t<div class=\"elementor-widget-container\">\n\t\t\t\t\t\t\t<div id=\"eael-promo-f418b60\" class=\"eael-interactive-promo\">\n\t\t\t<figure class=\"effect-ming\">\n\t\t\t\t<img decoding=\"async\" alt=\"\" src=\"https:\/\/offbeat-travel.com\/wp-content\/uploads\/2024\/09\/Best-travel-agency-in-Greece-for-authentic-experiences-in-Thessaloniki.jpg\">\t\t\t\t<figcaption>\n\t\t\t\t\t<div>\n\t\t\t\t\t\t\t\t\t\t\t\t\t<h2>Thessalonique<\/h2>\n\t\t\t\t\t\t\n\t\t\t\t\t\t<p><\/p>\n\t\t\t\t\t<\/div>\n\t\t\t\t\t                        <a aria-label=\"Thessalonique\" href=\"#\" target=\"_blank\"><\/a>\n\t\t\t\t\t\t\t\t\t<\/figcaption>\n\t\t\t<\/figure>\n\t\t<\/div>\n\t\t\t\t\t\t<\/div>\n\t\t\t\t<\/div>\n\t\t\t\t<div class=\"elementor-element elementor-element-6eee86d elementor-widget elementor-widget-eael-interactive-promo\" data-id=\"6eee86d\" data-element_type=\"widget\" data-widget_type=\"eael-interactive-promo.default\">\n\t\t\t\t<div class=\"elementor-widget-container\">\n\t\t\t\t\t\t\t<div id=\"eael-promo-6eee86d\" class=\"eael-interactive-promo\">\n\t\t\t<figure class=\"effect-ming\">\n\t\t\t\t<img decoding=\"async\" alt=\"\" src=\"https:\/\/offbeat-travel.com\/wp-content\/uploads\/2024\/09\/Best-travel-agency-in-Greece-for-authentic-experiences-in-Mount-Olympus.jpg\">\t\t\t\t<figcaption>\n\t\t\t\t\t<div>\n\t\t\t\t\t\t\t\t\t\t\t\t\t<h2>Mont Olympe<\/h2>\n\t\t\t\t\t\t\n\t\t\t\t\t\t<p><\/p>\n\t\t\t\t\t<\/div>\n\t\t\t\t\t                        <a aria-label=\"Mont Olympe\" href=\"#\" target=\"_blank\"><\/a>\n\t\t\t\t\t\t\t\t\t<\/figcaption>\n\t\t\t<\/figure>\n\t\t<\/div>\n\t\t\t\t\t\t<\/div>\n\t\t\t\t<\/div>\n\t\t\t\t<div class=\"elementor-element elementor-element-cf38a4a elementor-widget elementor-widget-eael-interactive-promo\" data-id=\"cf38a4a\" data-element_type=\"widget\" data-widget_type=\"eael-interactive-promo.default\">\n\t\t\t\t<div class=\"elementor-widget-container\">\n\t\t\t\t\t\t\t<div id=\"eael-promo-cf38a4a\" class=\"eael-interactive-promo\">\n\t\t\t<figure class=\"effect-ming\">\n\t\t\t\t<img decoding=\"async\" alt=\"\" src=\"https:\/\/offbeat-travel.com\/wp-content\/uploads\/2024\/09\/Best-travel-agency-in-Greece-for-authentic-experiences-in-Edessa.jpg\">\t\t\t\t<figcaption>\n\t\t\t\t\t<div>\n\t\t\t\t\t\t\t\t\t\t\t\t\t<h2>\u00c9dessa<\/h2>\n\t\t\t\t\t\t\n\t\t\t\t\t\t<p><\/p>\n\t\t\t\t\t<\/div>\n\t\t\t\t\t                        <a aria-label=\"\u00c9dessa\" href=\"#\" target=\"_blank\"><\/a>\n\t\t\t\t\t\t\t\t\t<\/figcaption>\n\t\t\t<\/figure>\n\t\t<\/div>\n\t\t\t\t\t\t<\/div>\n\t\t\t\t<\/div>\n\t\t\t\t<\/div>\n\t\t<div data-particle_enable=\"false\" data-particle-mobile-disabled=\"false\" class=\"elementor-element elementor-element-42edefc e-con-full e-flex e-con e-child\" data-id=\"42edefc\" data-element_type=\"container\">\n\t\t\t\t<div class=\"elementor-element elementor-element-7b3e91e elementor-widget elementor-widget-eael-interactive-promo\" data-id=\"7b3e91e\" data-element_type=\"widget\" data-widget_type=\"eael-interactive-promo.default\">\n\t\t\t\t<div class=\"elementor-widget-container\">\n\t\t\t\t\t\t\t<div id=\"eael-promo-7b3e91e\" class=\"eael-interactive-promo\">\n\t\t\t<figure class=\"effect-ming\">\n\t\t\t\t<img decoding=\"async\" alt=\"\" src=\"https:\/\/offbeat-travel.com\/wp-content\/uploads\/2024\/09\/Best-travel-agency-in-Greece-for-authentic-experiences-in-Pozar.jpg\">\t\t\t\t<figcaption>\n\t\t\t\t\t<div>\n\t\t\t\t\t\t\t\t\t\t\t\t\t<h2>Pozar<\/h2>\n\t\t\t\t\t\t\n\t\t\t\t\t\t<p><\/p>\n\t\t\t\t\t<\/div>\n\t\t\t\t\t                        <a aria-label=\"Pozar\" href=\"#\" target=\"_blank\"><\/a>\n\t\t\t\t\t\t\t\t\t<\/figcaption>\n\t\t\t<\/figure>\n\t\t<\/div>\n\t\t\t\t\t\t<\/div>\n\t\t\t\t<\/div>\n\t\t\t\t<div class=\"elementor-element elementor-element-593f06c elementor-widget elementor-widget-eael-interactive-promo\" data-id=\"593f06c\" data-element_type=\"widget\" data-widget_type=\"eael-interactive-promo.default\">\n\t\t\t\t<div class=\"elementor-widget-container\">\n\t\t\t\t\t\t\t<div id=\"eael-promo-593f06c\" class=\"eael-interactive-promo\">\n\t\t\t<figure class=\"effect-ming\">\n\t\t\t\t<img decoding=\"async\" alt=\"\" src=\"https:\/\/offbeat-travel.com\/wp-content\/uploads\/2024\/09\/Best-travel-agency-in-Greece-for-authentic-experiences-in-Kerkini-Lake.jpg\">\t\t\t\t<figcaption>\n\t\t\t\t\t<div>\n\t\t\t\t\t\t\t\t\t\t\t\t\t<h2>Lac Kerkini<\/h2>\n\t\t\t\t\t\t\n\t\t\t\t\t\t<p><\/p>\n\t\t\t\t\t<\/div>\n\t\t\t\t\t                        <a aria-label=\"Lac Kerkini\" href=\"#\" target=\"_blank\"><\/a>\n\t\t\t\t\t\t\t\t\t<\/figcaption>\n\t\t\t<\/figure>\n\t\t<\/div>\n\t\t\t\t\t\t<\/div>\n\t\t\t\t<\/div>\n\t\t\t\t<div class=\"elementor-element elementor-element-30bb102 elementor-widget elementor-widget-eael-interactive-promo\" data-id=\"30bb102\" data-element_type=\"widget\" data-widget_type=\"eael-interactive-promo.default\">\n\t\t\t\t<div class=\"elementor-widget-container\">\n\t\t\t\t\t\t\t<div id=\"eael-promo-30bb102\" class=\"eael-interactive-promo\">\n\t\t\t<figure class=\"effect-ming\">\n\t\t\t\t<img decoding=\"async\" alt=\"\" src=\"https:\/\/offbeat-travel.com\/wp-content\/uploads\/2024\/09\/Best-travel-agency-in-Greece-for-authentic-experiences-in-Amphipolis.jpg\">\t\t\t\t<figcaption>\n\t\t\t\t\t<div>\n\t\t\t\t\t\t\t\t\t\t\t\t\t<h2>Amphipolis<\/h2>\n\t\t\t\t\t\t\n\t\t\t\t\t\t<p><\/p>\n\t\t\t\t\t<\/div>\n\t\t\t\t\t                        <a aria-label=\"Amphipolis\" href=\"#\" target=\"_blank\"><\/a>\n\t\t\t\t\t\t\t\t\t<\/figcaption>\n\t\t\t<\/figure>\n\t\t<\/div>\n\t\t\t\t\t\t<\/div>\n\t\t\t\t<\/div>\n\t\t\t\t<\/div>\n\t\t\t\t\t<\/div>\n\t\t\t\t<\/div>\n\t\t\t\t<\/div>\n\t\t","protected":false},"excerpt":{"rendered":"<p>Vous voulez visiter la Chalcidique ?<br \/>\nExplorez les joyaux cach\u00e9s de la Chalcidique et visitez la Gr\u00e8ce avec la meilleure agence de voyage en Gr\u00e8ce du Nord Offbeat Travel. <\/p>\n","protected":false},"author":3,"featured_media":2844,"parent":4614,"menu_order":0,"comment_status":"closed","ping_status":"closed","template":"elementor_header_footer","meta":{"footnotes":""},"class_list":["post-4620","page","type-page","status-publish","has-post-thumbnail","hentry"],"_links":{"self":[{"href":"https:\/\/offbeat-travel.com\/fr\/wp-json\/wp\/v2\/pages\/4620","targetHints":{"allow":["GET"]}}],"collection":[{"href":"https:\/\/offbeat-travel.com\/fr\/wp-json\/wp\/v2\/pages"}],"about":[{"href":"https:\/\/offbeat-travel.com\/fr\/wp-json\/wp\/v2\/types\/page"}],"author":[{"embeddable":true,"href":"https:\/\/offbeat-travel.com\/fr\/wp-json\/wp\/v2\/users\/3"}],"replies":[{"embeddable":true,"href":"https:\/\/offbeat-travel.com\/fr\/wp-json\/wp\/v2\/comments?post=4620"}],"version-history":[{"count":7,"href":"https:\/\/offbeat-travel.com\/fr\/wp-json\/wp\/v2\/pages\/4620\/revisions"}],"predecessor-version":[{"id":5035,"href":"https:\/\/offbeat-travel.com\/fr\/wp-json\/wp\/v2\/pages\/4620\/revisions\/5035"}],"up":[{"embeddable":true,"href":"https:\/\/offbeat-travel.com\/fr\/wp-json\/wp\/v2\/pages\/4614"}],"wp:featuredmedia":[{"embeddable":true,"href":"https:\/\/offbeat-travel.com\/fr\/wp-json\/wp\/v2\/media\/2844"}],"wp:attachment":[{"href":"https:\/\/offbeat-travel.com\/fr\/wp-json\/wp\/v2\/media?parent=4620"}],"curies":[{"name":"wp","href":"https:\/\/api.w.org\/{rel}","templated":true}]}}