{"id":4648,"date":"2024-09-30T12:11:22","date_gmt":"2024-09-30T09:11:22","guid":{"rendered":""},"modified":"2024-10-02T10:01:56","modified_gmt":"2024-10-02T07:01:56","slug":"the-evros-delta","status":"publish","type":"page","link":"https:\/\/offbeat-travel.com\/fr\/greece\/east-macedonia-thrace\/the-evros-delta\/","title":{"rendered":"Meilleure agence de voyage en Gr\u00e8ce pour des exp\u00e9riences authentiques dans le delta de l&rsquo;Evros"},"content":{"rendered":"\t\t<div data-elementor-type=\"wp-post\" data-elementor-id=\"4648\" class=\"elementor elementor-4648 elementor-3383\" data-elementor-post-type=\"page\">\n\t\t\t\t<div data-particle_enable=\"false\" data-particle-mobile-disabled=\"false\" class=\"elementor-element elementor-element-350d882 e-flex e-con-boxed e-con e-parent\" data-id=\"350d882\" data-element_type=\"container\" data-settings=\"{&quot;background_background&quot;:&quot;classic&quot;}\">\n\t\t\t\t\t<div class=\"e-con-inner\">\n\t\t<div data-particle_enable=\"false\" data-particle-mobile-disabled=\"false\" class=\"elementor-element elementor-element-bb309df e-con-full e-flex e-con e-child\" data-id=\"bb309df\" data-element_type=\"container\">\n\t\t\t\t<div class=\"elementor-element elementor-element-95884c3 elementor-widget elementor-widget-heading\" data-id=\"95884c3\" data-element_type=\"widget\" data-widget_type=\"heading.default\">\n\t\t\t\t<div class=\"elementor-widget-container\">\n\t\t\t\t\t<h2 class=\"elementor-heading-title elementor-size-default\">Le delta de l'\u00c9vros<\/h2>\t\t\t\t<\/div>\n\t\t\t\t<\/div>\n\t\t\t\t<\/div>\n\t\t\t\t\t<\/div>\n\t\t\t\t<\/div>\n\t\t<div data-particle_enable=\"false\" data-particle-mobile-disabled=\"false\" class=\"elementor-element elementor-element-d2674a3 e-flex e-con-boxed e-con e-parent\" data-id=\"d2674a3\" data-element_type=\"container\">\n\t\t\t\t\t<div class=\"e-con-inner\">\n\t\t\t\t<div class=\"elementor-element elementor-element-e402c62 elementor-widget elementor-widget-heading\" data-id=\"e402c62\" data-element_type=\"widget\" data-widget_type=\"heading.default\">\n\t\t\t\t<div class=\"elementor-widget-container\">\n\t\t\t\t\t<h1 class=\"elementor-heading-title elementor-size-default\">Meilleure agence de voyage en Gr\u00e8ce pour des exp\u00e9riences authentiques dans le delta de l'Evros<\/h1>\t\t\t\t<\/div>\n\t\t\t\t<\/div>\n\t\t\t\t<div class=\"elementor-element elementor-element-e254d5a elementor-widget elementor-widget-text-editor\" data-id=\"e254d5a\" data-element_type=\"widget\" data-widget_type=\"text-editor.default\">\n\t\t\t\t<div class=\"elementor-widget-container\">\n\t\t\t\t\t\t\t\t\t<p>Le delta de l&rsquo;Evros est l&rsquo;une des zones humides les plus importantes d&rsquo;Europe, situ\u00e9e \u00e0 l&rsquo;est de la Mac\u00e9doine et de la Thrace.<br \/>\nCette zone prot\u00e9g\u00e9e abrite plus de 300 esp\u00e8ces d&rsquo;oiseaux, dont des flamants roses, des p\u00e9licans et des rapaces rares.<br \/>\nL&rsquo;\u00e9cosyst\u00e8me diversifi\u00e9 du delta abrite \u00e9galement une grande vari\u00e9t\u00e9 d&rsquo;esp\u00e8ces sauvages, ce qui en fait un paradis pour les ornithologues et les amoureux de la nature.<br \/>\nLes visiteurs peuvent explorer le delta en bateau ou \u00e0 pied, en admirant les paysages sereins des marais, des lagunes et des roseli\u00e8res.<br \/>\nLe delta de l&rsquo;Evros n&rsquo;est pas seulement un havre de paix pour la faune et la flore, il offre \u00e9galement une exp\u00e9rience paisible et immersive dans la nature, ce qui en fait une destination incontournable de l&rsquo;\u00e9cotourisme en Gr\u00e8ce.    <\/p>\n\t\t\t\t\t\t\t\t<\/div>\n\t\t\t\t<\/div>\n\t\t\t\t\t<\/div>\n\t\t\t\t<\/div>\n\t\t<div data-particle_enable=\"false\" data-particle-mobile-disabled=\"false\" class=\"elementor-element elementor-element-d88cc1b e-flex e-con-boxed e-con e-parent\" data-id=\"d88cc1b\" data-element_type=\"container\">\n\t\t\t\t\t<div class=\"e-con-inner\">\n\t\t<div data-particle_enable=\"false\" data-particle-mobile-disabled=\"false\" class=\"elementor-element elementor-element-64b3368 e-con-full e-flex e-con e-child\" data-id=\"64b3368\" data-element_type=\"container\">\n\t\t\t\t<div class=\"elementor-element elementor-element-96d8ea5 elementor-widget elementor-widget-heading\" data-id=\"96d8ea5\" data-element_type=\"widget\" data-widget_type=\"heading.default\">\n\t\t\t\t<div class=\"elementor-widget-container\">\n\t\t\t\t\t<h3 class=\"elementor-heading-title elementor-size-default\">D\u00e9couvrez les meilleurs sites \u00e0 voir en Mac\u00e9doine orientale et en Thrace<\/h3>\t\t\t\t<\/div>\n\t\t\t\t<\/div>\n\t\t\t\t<\/div>\n\t\t\t\t\t<\/div>\n\t\t\t\t<\/div>\n\t\t<div data-particle_enable=\"false\" data-particle-mobile-disabled=\"false\" class=\"elementor-element elementor-element-3ba6af2 e-flex e-con-boxed e-con e-parent\" data-id=\"3ba6af2\" data-element_type=\"container\">\n\t\t\t\t\t<div class=\"e-con-inner\">\n\t\t<div data-particle_enable=\"false\" data-particle-mobile-disabled=\"false\" class=\"elementor-element elementor-element-e743b91 e-con-full e-flex e-con e-child\" data-id=\"e743b91\" data-element_type=\"container\">\n\t\t\t\t<div class=\"elementor-element elementor-element-0dddeba elementor-widget elementor-widget-eael-interactive-promo\" data-id=\"0dddeba\" data-element_type=\"widget\" data-widget_type=\"eael-interactive-promo.default\">\n\t\t\t\t<div class=\"elementor-widget-container\">\n\t\t\t\t\t\t\t<div id=\"eael-promo-0dddeba\" class=\"eael-interactive-promo\">\n\t\t\t<figure class=\"effect-ming\">\n\t\t\t\t<img decoding=\"async\" alt=\"\" src=\"https:\/\/offbeat-travel.com\/wp-content\/uploads\/2024\/09\/Best-travel-agency-in-Greece-for-authentic-experiences-in-Kavala.jpg\">\t\t\t\t<figcaption>\n\t\t\t\t\t<div>\n\t\t\t\t\t\t\t\t\t\t\t\t\t<h2>Kavala<\/h2>\n\t\t\t\t\t\t\n\t\t\t\t\t\t<p><\/p>\n\t\t\t\t\t<\/div>\n\t\t\t\t\t                        <a aria-label=\"Kavala\" href=\"#\" target=\"_blank\"><\/a>\n\t\t\t\t\t\t\t\t\t<\/figcaption>\n\t\t\t<\/figure>\n\t\t<\/div>\n\t\t\t\t\t\t<\/div>\n\t\t\t\t<\/div>\n\t\t\t\t<div class=\"elementor-element elementor-element-7e712b2 elementor-widget elementor-widget-eael-interactive-promo\" data-id=\"7e712b2\" data-element_type=\"widget\" data-widget_type=\"eael-interactive-promo.default\">\n\t\t\t\t<div class=\"elementor-widget-container\">\n\t\t\t\t\t\t\t<div id=\"eael-promo-7e712b2\" class=\"eael-interactive-promo\">\n\t\t\t<figure class=\"effect-ming\">\n\t\t\t\t<img decoding=\"async\" alt=\"\" src=\"https:\/\/offbeat-travel.com\/wp-content\/uploads\/2024\/09\/Best-travel-agency-in-Greece-for-authentic-experiences-in-Porto-Lagos.jpg\">\t\t\t\t<figcaption>\n\t\t\t\t\t<div>\n\t\t\t\t\t\t\t\t\t\t\t\t\t<h2>Porto Lagos<\/h2>\n\t\t\t\t\t\t\n\t\t\t\t\t\t<p><\/p>\n\t\t\t\t\t<\/div>\n\t\t\t\t\t                        <a aria-label=\"Porto Lagos\" href=\"#\" target=\"_blank\"><\/a>\n\t\t\t\t\t\t\t\t\t<\/figcaption>\n\t\t\t<\/figure>\n\t\t<\/div>\n\t\t\t\t\t\t<\/div>\n\t\t\t\t<\/div>\n\t\t\t\t<div class=\"elementor-element elementor-element-ac6693b elementor-widget elementor-widget-eael-interactive-promo\" data-id=\"ac6693b\" data-element_type=\"widget\" data-widget_type=\"eael-interactive-promo.default\">\n\t\t\t\t<div class=\"elementor-widget-container\">\n\t\t\t\t\t\t\t<div id=\"eael-promo-ac6693b\" class=\"eael-interactive-promo\">\n\t\t\t<figure class=\"effect-ming\">\n\t\t\t\t<img decoding=\"async\" alt=\"\" src=\"https:\/\/offbeat-travel.com\/wp-content\/uploads\/2024\/09\/Best-travel-agency-in-Greece-for-authentic-experiences-in-The-Evros-Delta.jpg\">\t\t\t\t<figcaption>\n\t\t\t\t\t<div>\n\t\t\t\t\t\t\t\t\t\t\t\t\t<h2>Le delta de l&#039;\u00c9vros<\/h2>\n\t\t\t\t\t\t\n\t\t\t\t\t\t<p><\/p>\n\t\t\t\t\t<\/div>\n\t\t\t\t\t                        <a aria-label=\"Le delta de l&#039;\u00c9vros\" href=\"#\" target=\"_blank\"><\/a>\n\t\t\t\t\t\t\t\t\t<\/figcaption>\n\t\t\t<\/figure>\n\t\t<\/div>\n\t\t\t\t\t\t<\/div>\n\t\t\t\t<\/div>\n\t\t\t\t<\/div>\n\t\t<div data-particle_enable=\"false\" data-particle-mobile-disabled=\"false\" class=\"elementor-element elementor-element-f62dc84 e-con-full e-flex e-con e-child\" data-id=\"f62dc84\" data-element_type=\"container\">\n\t\t\t\t<div class=\"elementor-element elementor-element-d2b2471 elementor-widget elementor-widget-eael-interactive-promo\" data-id=\"d2b2471\" data-element_type=\"widget\" data-widget_type=\"eael-interactive-promo.default\">\n\t\t\t\t<div class=\"elementor-widget-container\">\n\t\t\t\t\t\t\t<div id=\"eael-promo-d2b2471\" class=\"eael-interactive-promo\">\n\t\t\t<figure class=\"effect-ming\">\n\t\t\t\t<img decoding=\"async\" alt=\"\" src=\"https:\/\/offbeat-travel.com\/wp-content\/uploads\/2024\/09\/Best-travel-agency-in-Greece-for-authentic-experiences-in-Komotini.jpg\">\t\t\t\t<figcaption>\n\t\t\t\t\t<div>\n\t\t\t\t\t\t\t\t\t\t\t\t\t<h2>Komotini<\/h2>\n\t\t\t\t\t\t\n\t\t\t\t\t\t<p><\/p>\n\t\t\t\t\t<\/div>\n\t\t\t\t\t                        <a aria-label=\"Komotini\" href=\"#\" target=\"_blank\"><\/a>\n\t\t\t\t\t\t\t\t\t<\/figcaption>\n\t\t\t<\/figure>\n\t\t<\/div>\n\t\t\t\t\t\t<\/div>\n\t\t\t\t<\/div>\n\t\t\t\t<div class=\"elementor-element elementor-element-980e357 elementor-widget elementor-widget-eael-interactive-promo\" data-id=\"980e357\" data-element_type=\"widget\" data-widget_type=\"eael-interactive-promo.default\">\n\t\t\t\t<div class=\"elementor-widget-container\">\n\t\t\t\t\t\t\t<div id=\"eael-promo-980e357\" class=\"eael-interactive-promo\">\n\t\t\t<figure class=\"effect-ming\">\n\t\t\t\t<img decoding=\"async\" alt=\"\" src=\"https:\/\/offbeat-travel.com\/wp-content\/uploads\/2024\/09\/Best-travel-agency-in-Greece-for-authentic-experiences-in-Samothraki.jpg\">\t\t\t\t<figcaption>\n\t\t\t\t\t<div>\n\t\t\t\t\t\t\t\t\t\t\t\t\t<h2>Samothrace<\/h2>\n\t\t\t\t\t\t\n\t\t\t\t\t\t<p><\/p>\n\t\t\t\t\t<\/div>\n\t\t\t\t\t                        <a aria-label=\"Samothrace\" href=\"#\" target=\"_blank\"><\/a>\n\t\t\t\t\t\t\t\t\t<\/figcaption>\n\t\t\t<\/figure>\n\t\t<\/div>\n\t\t\t\t\t\t<\/div>\n\t\t\t\t<\/div>\n\t\t\t\t<div class=\"elementor-element elementor-element-5886cc2 elementor-widget elementor-widget-eael-interactive-promo\" data-id=\"5886cc2\" data-element_type=\"widget\" data-widget_type=\"eael-interactive-promo.default\">\n\t\t\t\t<div class=\"elementor-widget-container\">\n\t\t\t\t\t\t\t<div id=\"eael-promo-5886cc2\" class=\"eael-interactive-promo\">\n\t\t\t<figure class=\"effect-ming\">\n\t\t\t\t<img decoding=\"async\" alt=\"\" src=\"https:\/\/offbeat-travel.com\/wp-content\/uploads\/2024\/09\/Best-travel-agency-in-Greece-for-authentic-experiences-in-Xanthi.jpg\">\t\t\t\t<figcaption>\n\t\t\t\t\t<div>\n\t\t\t\t\t\t\t\t\t\t\t\t\t<h2>Xanthi<\/h2>\n\t\t\t\t\t\t\n\t\t\t\t\t\t<p><\/p>\n\t\t\t\t\t<\/div>\n\t\t\t\t\t                        <a aria-label=\"Xanthi\" href=\"#\" target=\"_blank\"><\/a>\n\t\t\t\t\t\t\t\t\t<\/figcaption>\n\t\t\t<\/figure>\n\t\t<\/div>\n\t\t\t\t\t\t<\/div>\n\t\t\t\t<\/div>\n\t\t\t\t<\/div>\n\t\t<div data-particle_enable=\"false\" data-particle-mobile-disabled=\"false\" class=\"elementor-element elementor-element-d59db02 e-con-full e-flex e-con e-child\" data-id=\"d59db02\" data-element_type=\"container\">\n\t\t\t\t<div class=\"elementor-element elementor-element-088fd30 elementor-widget elementor-widget-eael-interactive-promo\" data-id=\"088fd30\" data-element_type=\"widget\" data-widget_type=\"eael-interactive-promo.default\">\n\t\t\t\t<div class=\"elementor-widget-container\">\n\t\t\t\t\t\t\t<div id=\"eael-promo-088fd30\" class=\"eael-interactive-promo\">\n\t\t\t<figure class=\"effect-ming\">\n\t\t\t\t<img decoding=\"async\" alt=\"\" src=\"https:\/\/offbeat-travel.com\/wp-content\/uploads\/2024\/09\/Best-travel-agency-in-Greece-for-authentic-experiences-in-Pomakohoria.jpg\">\t\t\t\t<figcaption>\n\t\t\t\t\t<div>\n\t\t\t\t\t\t\t\t\t\t\t\t\t<h2>Pomakohoria<\/h2>\n\t\t\t\t\t\t\n\t\t\t\t\t\t<p><\/p>\n\t\t\t\t\t<\/div>\n\t\t\t\t\t                        <a aria-label=\"Pomakohoria\" href=\"#\" target=\"_blank\"><\/a>\n\t\t\t\t\t\t\t\t\t<\/figcaption>\n\t\t\t<\/figure>\n\t\t<\/div>\n\t\t\t\t\t\t<\/div>\n\t\t\t\t<\/div>\n\t\t\t\t<div class=\"elementor-element elementor-element-30291dd elementor-widget elementor-widget-eael-interactive-promo\" data-id=\"30291dd\" data-element_type=\"widget\" data-widget_type=\"eael-interactive-promo.default\">\n\t\t\t\t<div class=\"elementor-widget-container\">\n\t\t\t\t\t\t\t<div id=\"eael-promo-30291dd\" class=\"eael-interactive-promo\">\n\t\t\t<figure class=\"effect-ming\">\n\t\t\t\t<img decoding=\"async\" alt=\"\" src=\"https:\/\/offbeat-travel.com\/wp-content\/uploads\/2024\/09\/Best-travel-agency-in-Greece-for-authentic-experiences-in-Thassos-Island.jpg\">\t\t\t\t<figcaption>\n\t\t\t\t\t<div>\n\t\t\t\t\t\t\t\t\t\t\t\t\t<h2>\u00cele de Thasos<\/h2>\n\t\t\t\t\t\t\n\t\t\t\t\t\t<p><\/p>\n\t\t\t\t\t<\/div>\n\t\t\t\t\t                        <a aria-label=\"\u00cele de Thasos\" href=\"#\" target=\"_blank\"><\/a>\n\t\t\t\t\t\t\t\t\t<\/figcaption>\n\t\t\t<\/figure>\n\t\t<\/div>\n\t\t\t\t\t\t<\/div>\n\t\t\t\t<\/div>\n\t\t\t\t<\/div>\n\t\t\t\t\t<\/div>\n\t\t\t\t<\/div>\n\t\t\t\t<\/div>\n\t\t","protected":false},"excerpt":{"rendered":"<p>Vous voulez visiter le Delta de l&rsquo;Evros ?<br \/>\nD\u00e9couvrez les meilleurs sites \u00e0 voir dans le Delta de l&rsquo;Evros et r\u00e9servez d\u00e8s maintenant le forfait qui vous convient sur Offbeat Travel. <\/p>\n","protected":false},"author":3,"featured_media":2806,"parent":4632,"menu_order":0,"comment_status":"closed","ping_status":"closed","template":"elementor_header_footer","meta":{"footnotes":""},"class_list":["post-4648","page","type-page","status-publish","has-post-thumbnail","hentry"],"_links":{"self":[{"href":"https:\/\/offbeat-travel.com\/fr\/wp-json\/wp\/v2\/pages\/4648","targetHints":{"allow":["GET"]}}],"collection":[{"href":"https:\/\/offbeat-travel.com\/fr\/wp-json\/wp\/v2\/pages"}],"about":[{"href":"https:\/\/offbeat-travel.com\/fr\/wp-json\/wp\/v2\/types\/page"}],"author":[{"embeddable":true,"href":"https:\/\/offbeat-travel.com\/fr\/wp-json\/wp\/v2\/users\/3"}],"replies":[{"embeddable":true,"href":"https:\/\/offbeat-travel.com\/fr\/wp-json\/wp\/v2\/comments?post=4648"}],"version-history":[{"count":4,"href":"https:\/\/offbeat-travel.com\/fr\/wp-json\/wp\/v2\/pages\/4648\/revisions"}],"predecessor-version":[{"id":5087,"href":"https:\/\/offbeat-travel.com\/fr\/wp-json\/wp\/v2\/pages\/4648\/revisions\/5087"}],"up":[{"embeddable":true,"href":"https:\/\/offbeat-travel.com\/fr\/wp-json\/wp\/v2\/pages\/4632"}],"wp:featuredmedia":[{"embeddable":true,"href":"https:\/\/offbeat-travel.com\/fr\/wp-json\/wp\/v2\/media\/2806"}],"wp:attachment":[{"href":"https:\/\/offbeat-travel.com\/fr\/wp-json\/wp\/v2\/media?parent=4648"}],"curies":[{"name":"wp","href":"https:\/\/api.w.org\/{rel}","templated":true}]}}