{"id":4744,"date":"2024-09-30T12:11:00","date_gmt":"2024-09-30T09:11:00","guid":{"rendered":""},"modified":"2024-10-02T09:56:08","modified_gmt":"2024-10-02T06:56:08","slug":"prespa-lakes","status":"publish","type":"page","link":"https:\/\/offbeat-travel.com\/fr\/greece\/west-macedonia\/prespa-lakes\/","title":{"rendered":"Meilleure agence de voyage en Gr\u00e8ce pour des exp\u00e9riences authentiques dans les lacs de Prespa"},"content":{"rendered":"\t\t<div data-elementor-type=\"wp-post\" data-elementor-id=\"4744\" class=\"elementor elementor-4744 elementor-3372\" data-elementor-post-type=\"page\">\n\t\t\t\t<div data-particle_enable=\"false\" data-particle-mobile-disabled=\"false\" class=\"elementor-element elementor-element-350d882 e-flex e-con-boxed e-con e-parent\" data-id=\"350d882\" data-element_type=\"container\" data-settings=\"{&quot;background_background&quot;:&quot;classic&quot;}\">\n\t\t\t\t\t<div class=\"e-con-inner\">\n\t\t<div data-particle_enable=\"false\" data-particle-mobile-disabled=\"false\" class=\"elementor-element elementor-element-bb309df e-con-full e-flex e-con e-child\" data-id=\"bb309df\" data-element_type=\"container\">\n\t\t\t\t<div class=\"elementor-element elementor-element-95884c3 elementor-widget elementor-widget-heading\" data-id=\"95884c3\" data-element_type=\"widget\" data-widget_type=\"heading.default\">\n\t\t\t\t<div class=\"elementor-widget-container\">\n\t\t\t\t\t<h2 class=\"elementor-heading-title elementor-size-default\">Lacs Prespa<\/h2>\t\t\t\t<\/div>\n\t\t\t\t<\/div>\n\t\t\t\t<\/div>\n\t\t\t\t\t<\/div>\n\t\t\t\t<\/div>\n\t\t<div data-particle_enable=\"false\" data-particle-mobile-disabled=\"false\" class=\"elementor-element elementor-element-d2674a3 e-flex e-con-boxed e-con e-parent\" data-id=\"d2674a3\" data-element_type=\"container\">\n\t\t\t\t\t<div class=\"e-con-inner\">\n\t\t\t\t<div class=\"elementor-element elementor-element-e402c62 elementor-widget elementor-widget-heading\" data-id=\"e402c62\" data-element_type=\"widget\" data-widget_type=\"heading.default\">\n\t\t\t\t<div class=\"elementor-widget-container\">\n\t\t\t\t\t<h1 class=\"elementor-heading-title elementor-size-default\">Meilleure agence de voyage en Gr\u00e8ce pour des exp\u00e9riences authentiques dans les lacs de Prespa<\/h1>\t\t\t\t<\/div>\n\t\t\t\t<\/div>\n\t\t\t\t<div class=\"elementor-element elementor-element-e254d5a elementor-widget elementor-widget-text-editor\" data-id=\"e254d5a\" data-element_type=\"widget\" data-widget_type=\"text-editor.default\">\n\t\t\t\t<div class=\"elementor-widget-container\">\n\t\t\t\t\t\t\t\t\t<p>Les lacs de Prespa, partag\u00e9s entre la Gr\u00e8ce, l&rsquo;Albanie et la Mac\u00e9doine du Nord, constituent l&rsquo;une des zones humides les plus riches en biodiversit\u00e9 d&rsquo;Europe.<br \/>\nLes lacs sont un paradis pour les ornithologues, avec plus de 260 esp\u00e8ces, dont le rare p\u00e9lican de Dalmatie.<br \/>\nLa r\u00e9gion est \u00e9galement riche en histoire, avec des \u00e9glises de l&rsquo;\u00e9poque byzantine et des fresques qui pars\u00e8ment les rives.<br \/>\nLes visiteurs peuvent explorer les lacs en bateau, en kayak ou \u00e0 pied, les sentiers offrant des vues imprenables sur les montagnes et les eaux environnantes.<br \/>\nLe parc national de Prespa assure la pr\u00e9servation de cet \u00e9cosyst\u00e8me unique.<br \/>\nQue vous soyez un amoureux de la nature ou un passionn\u00e9 d&rsquo;histoire, les lacs de Prespa vous offrent une escapade paisible et enrichissante.     <\/p>\n\t\t\t\t\t\t\t\t<\/div>\n\t\t\t\t<\/div>\n\t\t\t\t\t<\/div>\n\t\t\t\t<\/div>\n\t\t<div data-particle_enable=\"false\" data-particle-mobile-disabled=\"false\" class=\"elementor-element elementor-element-d88cc1b e-flex e-con-boxed e-con e-parent\" data-id=\"d88cc1b\" data-element_type=\"container\">\n\t\t\t\t\t<div class=\"e-con-inner\">\n\t\t<div data-particle_enable=\"false\" data-particle-mobile-disabled=\"false\" class=\"elementor-element elementor-element-64b3368 e-con-full e-flex e-con e-child\" data-id=\"64b3368\" data-element_type=\"container\">\n\t\t\t\t<div class=\"elementor-element elementor-element-96d8ea5 elementor-widget elementor-widget-heading\" data-id=\"96d8ea5\" data-element_type=\"widget\" data-widget_type=\"heading.default\">\n\t\t\t\t<div class=\"elementor-widget-container\">\n\t\t\t\t\t<h3 class=\"elementor-heading-title elementor-size-default\">D\u00e9couvrez les meilleurs sites \u00e0 voir en Mac\u00e9doine occidentale<\/h3>\t\t\t\t<\/div>\n\t\t\t\t<\/div>\n\t\t\t\t<\/div>\n\t\t\t\t\t<\/div>\n\t\t\t\t<\/div>\n\t\t<div data-particle_enable=\"false\" data-particle-mobile-disabled=\"false\" class=\"elementor-element elementor-element-ec65880 e-flex e-con-boxed e-con e-parent\" data-id=\"ec65880\" data-element_type=\"container\">\n\t\t\t\t\t<div class=\"e-con-inner\">\n\t\t<div data-particle_enable=\"false\" data-particle-mobile-disabled=\"false\" class=\"elementor-element elementor-element-9199951 e-con-full e-flex e-con e-child\" data-id=\"9199951\" data-element_type=\"container\">\n\t\t\t\t<div class=\"elementor-element elementor-element-c945096 elementor-widget elementor-widget-eael-interactive-promo\" data-id=\"c945096\" data-element_type=\"widget\" data-widget_type=\"eael-interactive-promo.default\">\n\t\t\t\t<div class=\"elementor-widget-container\">\n\t\t\t\t\t\t\t<div id=\"eael-promo-c945096\" class=\"eael-interactive-promo\">\n\t\t\t<figure class=\"effect-ming\">\n\t\t\t\t<img decoding=\"async\" alt=\"\" src=\"https:\/\/offbeat-travel.com\/wp-content\/uploads\/2024\/09\/Best-travel-agency-in-Greece-for-authentic-experiences-in-Aliakmonas-River.jpg\">\t\t\t\t<figcaption>\n\t\t\t\t\t<div>\n\t\t\t\t\t\t\t\t\t\t\t\t\t<h2>Rivi\u00e8re Aliakmonas<\/h2>\n\t\t\t\t\t\t\n\t\t\t\t\t\t<p><\/p>\n\t\t\t\t\t<\/div>\n\t\t\t\t\t                        <a aria-label=\"Rivi\u00e8re Aliakmonas\" href=\"#\" target=\"_blank\"><\/a>\n\t\t\t\t\t\t\t\t\t<\/figcaption>\n\t\t\t<\/figure>\n\t\t<\/div>\n\t\t\t\t\t\t<\/div>\n\t\t\t\t<\/div>\n\t\t\t\t<div class=\"elementor-element elementor-element-a6b121f elementor-widget elementor-widget-eael-interactive-promo\" data-id=\"a6b121f\" data-element_type=\"widget\" data-widget_type=\"eael-interactive-promo.default\">\n\t\t\t\t<div class=\"elementor-widget-container\">\n\t\t\t\t\t\t\t<div id=\"eael-promo-a6b121f\" class=\"eael-interactive-promo\">\n\t\t\t<figure class=\"effect-ming\">\n\t\t\t\t<img decoding=\"async\" alt=\"\" src=\"https:\/\/offbeat-travel.com\/wp-content\/uploads\/2024\/09\/Best-travel-agency-in-Greece-for-authentic-experiences-in-Prespa-Lakes.jpg\">\t\t\t\t<figcaption>\n\t\t\t\t\t<div>\n\t\t\t\t\t\t\t\t\t\t\t\t\t<h2>Lacs Prespa<\/h2>\n\t\t\t\t\t\t\n\t\t\t\t\t\t<p><\/p>\n\t\t\t\t\t<\/div>\n\t\t\t\t\t                        <a aria-label=\"Lacs Prespa\" href=\"#\" target=\"_blank\"><\/a>\n\t\t\t\t\t\t\t\t\t<\/figcaption>\n\t\t\t<\/figure>\n\t\t<\/div>\n\t\t\t\t\t\t<\/div>\n\t\t\t\t<\/div>\n\t\t\t\t<div class=\"elementor-element elementor-element-adb1918 elementor-widget elementor-widget-eael-interactive-promo\" data-id=\"adb1918\" data-element_type=\"widget\" data-widget_type=\"eael-interactive-promo.default\">\n\t\t\t\t<div class=\"elementor-widget-container\">\n\t\t\t\t\t\t\t<div id=\"eael-promo-adb1918\" class=\"eael-interactive-promo\">\n\t\t\t<figure class=\"effect-ming\">\n\t\t\t\t<img decoding=\"async\" alt=\"\" src=\"https:\/\/offbeat-travel.com\/wp-content\/uploads\/2024\/09\/Best-travel-agency-in-Greece-for-authentic-experiences-in-Grevena.jpg\">\t\t\t\t<figcaption>\n\t\t\t\t\t<div>\n\t\t\t\t\t\t\t\t\t\t\t\t\t<h2>Grevena<\/h2>\n\t\t\t\t\t\t\n\t\t\t\t\t\t<p><\/p>\n\t\t\t\t\t<\/div>\n\t\t\t\t\t                        <a aria-label=\"Grevena\" href=\"#\" target=\"_blank\"><\/a>\n\t\t\t\t\t\t\t\t\t<\/figcaption>\n\t\t\t<\/figure>\n\t\t<\/div>\n\t\t\t\t\t\t<\/div>\n\t\t\t\t<\/div>\n\t\t\t\t<\/div>\n\t\t<div data-particle_enable=\"false\" data-particle-mobile-disabled=\"false\" class=\"elementor-element elementor-element-1b9eac2 e-con-full e-flex e-con e-child\" data-id=\"1b9eac2\" data-element_type=\"container\">\n\t\t\t\t<div class=\"elementor-element elementor-element-2a5b093 elementor-widget elementor-widget-eael-interactive-promo\" data-id=\"2a5b093\" data-element_type=\"widget\" data-widget_type=\"eael-interactive-promo.default\">\n\t\t\t\t<div class=\"elementor-widget-container\">\n\t\t\t\t\t\t\t<div id=\"eael-promo-2a5b093\" class=\"eael-interactive-promo\">\n\t\t\t<figure class=\"effect-ming\">\n\t\t\t\t<img decoding=\"async\" alt=\"\" src=\"https:\/\/offbeat-travel.com\/wp-content\/uploads\/2024\/09\/Best-travel-agency-in-Greece-for-authentic-experiences-in-Vitsi-Ski-Resort.jpg\">\t\t\t\t<figcaption>\n\t\t\t\t\t<div>\n\t\t\t\t\t\t\t\t\t\t\t\t\t<h2>Station de ski Vitsi<\/h2>\n\t\t\t\t\t\t\n\t\t\t\t\t\t<p><\/p>\n\t\t\t\t\t<\/div>\n\t\t\t\t\t                        <a aria-label=\"Station de ski Vitsi\" href=\"#\" target=\"_blank\"><\/a>\n\t\t\t\t\t\t\t\t\t<\/figcaption>\n\t\t\t<\/figure>\n\t\t<\/div>\n\t\t\t\t\t\t<\/div>\n\t\t\t\t<\/div>\n\t\t\t\t<div class=\"elementor-element elementor-element-563756c elementor-widget elementor-widget-eael-interactive-promo\" data-id=\"563756c\" data-element_type=\"widget\" data-widget_type=\"eael-interactive-promo.default\">\n\t\t\t\t<div class=\"elementor-widget-container\">\n\t\t\t\t\t\t\t<div id=\"eael-promo-563756c\" class=\"eael-interactive-promo\">\n\t\t\t<figure class=\"effect-ming\">\n\t\t\t\t<img decoding=\"async\" alt=\"\" src=\"https:\/\/offbeat-travel.com\/wp-content\/uploads\/2024\/09\/Best-travel-agency-in-Greece-for-authentic-experiences-in-Nymfaio-Village.jpg\">\t\t\t\t<figcaption>\n\t\t\t\t\t<div>\n\t\t\t\t\t\t\t\t\t\t\t\t\t<h2>Village de Nymfaio<\/h2>\n\t\t\t\t\t\t\n\t\t\t\t\t\t<p><\/p>\n\t\t\t\t\t<\/div>\n\t\t\t\t\t                        <a aria-label=\"Village de Nymfaio\" href=\"#\" target=\"_blank\"><\/a>\n\t\t\t\t\t\t\t\t\t<\/figcaption>\n\t\t\t<\/figure>\n\t\t<\/div>\n\t\t\t\t\t\t<\/div>\n\t\t\t\t<\/div>\n\t\t\t\t<div class=\"elementor-element elementor-element-35f5fa9 elementor-widget elementor-widget-eael-interactive-promo\" data-id=\"35f5fa9\" data-element_type=\"widget\" data-widget_type=\"eael-interactive-promo.default\">\n\t\t\t\t<div class=\"elementor-widget-container\">\n\t\t\t\t\t\t\t<div id=\"eael-promo-35f5fa9\" class=\"eael-interactive-promo\">\n\t\t\t<figure class=\"effect-ming\">\n\t\t\t\t<img decoding=\"async\" alt=\"\" src=\"https:\/\/offbeat-travel.com\/wp-content\/uploads\/2024\/09\/Best-travel-agency-in-Greece-for-authentic-experiences-in-Florina.jpg\">\t\t\t\t<figcaption>\n\t\t\t\t\t<div>\n\t\t\t\t\t\t\t\t\t\t\t\t\t<h2>Florina<\/h2>\n\t\t\t\t\t\t\n\t\t\t\t\t\t<p><\/p>\n\t\t\t\t\t<\/div>\n\t\t\t\t\t                        <a aria-label=\"Florina\" href=\"#\" target=\"_blank\"><\/a>\n\t\t\t\t\t\t\t\t\t<\/figcaption>\n\t\t\t<\/figure>\n\t\t<\/div>\n\t\t\t\t\t\t<\/div>\n\t\t\t\t<\/div>\n\t\t\t\t<\/div>\n\t\t<div data-particle_enable=\"false\" data-particle-mobile-disabled=\"false\" class=\"elementor-element elementor-element-32d6fea e-con-full e-flex e-con e-child\" data-id=\"32d6fea\" data-element_type=\"container\">\n\t\t\t\t<div class=\"elementor-element elementor-element-94030b2 elementor-widget elementor-widget-eael-interactive-promo\" data-id=\"94030b2\" data-element_type=\"widget\" data-widget_type=\"eael-interactive-promo.default\">\n\t\t\t\t<div class=\"elementor-widget-container\">\n\t\t\t\t\t\t\t<div id=\"eael-promo-94030b2\" class=\"eael-interactive-promo\">\n\t\t\t<figure class=\"effect-ming\">\n\t\t\t\t<img decoding=\"async\" alt=\"\" src=\"https:\/\/offbeat-travel.com\/wp-content\/uploads\/2024\/09\/Best-travel-agency-in-Greece-for-authentic-experiences-in-Valia-Kalda.jpg\">\t\t\t\t<figcaption>\n\t\t\t\t\t<div>\n\t\t\t\t\t\t\t\t\t\t\t\t\t<h2>Valia Kalda<\/h2>\n\t\t\t\t\t\t\n\t\t\t\t\t\t<p><\/p>\n\t\t\t\t\t<\/div>\n\t\t\t\t\t                        <a aria-label=\"Valia Kalda\" href=\"#\" target=\"_blank\"><\/a>\n\t\t\t\t\t\t\t\t\t<\/figcaption>\n\t\t\t<\/figure>\n\t\t<\/div>\n\t\t\t\t\t\t<\/div>\n\t\t\t\t<\/div>\n\t\t\t\t<div class=\"elementor-element elementor-element-ca531ad elementor-widget elementor-widget-eael-interactive-promo\" data-id=\"ca531ad\" data-element_type=\"widget\" data-widget_type=\"eael-interactive-promo.default\">\n\t\t\t\t<div class=\"elementor-widget-container\">\n\t\t\t\t\t\t\t<div id=\"eael-promo-ca531ad\" class=\"eael-interactive-promo\">\n\t\t\t<figure class=\"effect-ming\">\n\t\t\t\t<img decoding=\"async\" alt=\"\" src=\"https:\/\/offbeat-travel.com\/wp-content\/uploads\/2024\/09\/Best-travel-agency-in-Greece-for-authentic-experiences-in-Kastoria.jpg\">\t\t\t\t<figcaption>\n\t\t\t\t\t<div>\n\t\t\t\t\t\t\t\t\t\t\t\t\t<h2>Kastoria<\/h2>\n\t\t\t\t\t\t\n\t\t\t\t\t\t<p><\/p>\n\t\t\t\t\t<\/div>\n\t\t\t\t\t                        <a aria-label=\"Kastoria\" href=\"#\" target=\"_blank\"><\/a>\n\t\t\t\t\t\t\t\t\t<\/figcaption>\n\t\t\t<\/figure>\n\t\t<\/div>\n\t\t\t\t\t\t<\/div>\n\t\t\t\t<\/div>\n\t\t\t\t<\/div>\n\t\t\t\t\t<\/div>\n\t\t\t\t<\/div>\n\t\t\t\t<\/div>\n\t\t","protected":false},"excerpt":{"rendered":"<p>Vous voulez visiter les lacs de Prespa ?<br \/>\nD\u00e9couvrez les meilleurs sites \u00e0 voir \u00e0 Prespa Lakes et r\u00e9servez d\u00e8s maintenant l&rsquo;offre de voyage qui vous convient aupr\u00e8s de Offbeat Travel. <\/p>\n","protected":false},"author":3,"featured_media":2884,"parent":4730,"menu_order":0,"comment_status":"closed","ping_status":"closed","template":"elementor_header_footer","meta":{"footnotes":""},"class_list":["post-4744","page","type-page","status-publish","has-post-thumbnail","hentry"],"_links":{"self":[{"href":"https:\/\/offbeat-travel.com\/fr\/wp-json\/wp\/v2\/pages\/4744","targetHints":{"allow":["GET"]}}],"collection":[{"href":"https:\/\/offbeat-travel.com\/fr\/wp-json\/wp\/v2\/pages"}],"about":[{"href":"https:\/\/offbeat-travel.com\/fr\/wp-json\/wp\/v2\/types\/page"}],"author":[{"embeddable":true,"href":"https:\/\/offbeat-travel.com\/fr\/wp-json\/wp\/v2\/users\/3"}],"replies":[{"embeddable":true,"href":"https:\/\/offbeat-travel.com\/fr\/wp-json\/wp\/v2\/comments?post=4744"}],"version-history":[{"count":4,"href":"https:\/\/offbeat-travel.com\/fr\/wp-json\/wp\/v2\/pages\/4744\/revisions"}],"predecessor-version":[{"id":5062,"href":"https:\/\/offbeat-travel.com\/fr\/wp-json\/wp\/v2\/pages\/4744\/revisions\/5062"}],"up":[{"embeddable":true,"href":"https:\/\/offbeat-travel.com\/fr\/wp-json\/wp\/v2\/pages\/4730"}],"wp:featuredmedia":[{"embeddable":true,"href":"https:\/\/offbeat-travel.com\/fr\/wp-json\/wp\/v2\/media\/2884"}],"wp:attachment":[{"href":"https:\/\/offbeat-travel.com\/fr\/wp-json\/wp\/v2\/media?parent=4744"}],"curies":[{"name":"wp","href":"https:\/\/api.w.org\/{rel}","templated":true}]}}