{"id":4754,"date":"2024-09-30T12:11:44","date_gmt":"2024-09-30T09:11:44","guid":{"rendered":"https:\/\/offbeat-travel.com\/greece\/epirus\/meilleure-agence-de-voyage-en-grece-pour-des-experiences-authentiques-dans-lacheron\/"},"modified":"2024-10-02T09:32:51","modified_gmt":"2024-10-02T06:32:51","slug":"meilleure-agence-de-voyage-en-grece-pour-des-experiences-authentiques-dans-lacheron","status":"publish","type":"page","link":"https:\/\/offbeat-travel.com\/fr\/greece\/epirus\/meilleure-agence-de-voyage-en-grece-pour-des-experiences-authentiques-dans-lacheron\/","title":{"rendered":"Meilleure agence de voyage en Gr\u00e8ce pour des exp\u00e9riences authentiques dans l&rsquo;Ach\u00e9ron"},"content":{"rendered":"\t\t<div data-elementor-type=\"wp-post\" data-elementor-id=\"4754\" class=\"elementor elementor-4754 elementor-3395\" data-elementor-post-type=\"page\">\n\t\t\t\t<div data-particle_enable=\"false\" data-particle-mobile-disabled=\"false\" class=\"elementor-element elementor-element-350d882 e-flex e-con-boxed e-con e-parent\" data-id=\"350d882\" data-element_type=\"container\" data-settings=\"{&quot;background_background&quot;:&quot;classic&quot;}\">\n\t\t\t\t\t<div class=\"e-con-inner\">\n\t\t<div data-particle_enable=\"false\" data-particle-mobile-disabled=\"false\" class=\"elementor-element elementor-element-bb309df e-con-full e-flex e-con e-child\" data-id=\"bb309df\" data-element_type=\"container\">\n\t\t\t\t<div class=\"elementor-element elementor-element-95884c3 elementor-widget elementor-widget-heading\" data-id=\"95884c3\" data-element_type=\"widget\" data-widget_type=\"heading.default\">\n\t\t\t\t<div class=\"elementor-widget-container\">\n\t\t\t\t\t<h2 class=\"elementor-heading-title elementor-size-default\">Rivi\u00e8re Ach\u00e9ron<\/h2>\t\t\t\t<\/div>\n\t\t\t\t<\/div>\n\t\t\t\t<\/div>\n\t\t\t\t\t<\/div>\n\t\t\t\t<\/div>\n\t\t<div data-particle_enable=\"false\" data-particle-mobile-disabled=\"false\" class=\"elementor-element elementor-element-d2674a3 e-flex e-con-boxed e-con e-parent\" data-id=\"d2674a3\" data-element_type=\"container\">\n\t\t\t\t\t<div class=\"e-con-inner\">\n\t\t\t\t<div class=\"elementor-element elementor-element-e402c62 elementor-widget elementor-widget-heading\" data-id=\"e402c62\" data-element_type=\"widget\" data-widget_type=\"heading.default\">\n\t\t\t\t<div class=\"elementor-widget-container\">\n\t\t\t\t\t<h1 class=\"elementor-heading-title elementor-size-default\">Meilleure agence de voyage en Gr\u00e8ce pour des exp\u00e9riences authentiques dans l'Ach\u00e9ron<\/h1>\t\t\t\t<\/div>\n\t\t\t\t<\/div>\n\t\t\t\t<div class=\"elementor-element elementor-element-e254d5a elementor-widget elementor-widget-text-editor\" data-id=\"e254d5a\" data-element_type=\"widget\" data-widget_type=\"text-editor.default\">\n\t\t\t\t<div class=\"elementor-widget-container\">\n\t\t\t\t\t\t\t\t\t<p>La rivi\u00e8re Ach\u00e9ron, ancr\u00e9e dans la mythologie grecque comme l&rsquo;une des rivi\u00e8res des enfers, est aujourd&rsquo;hui une destination populaire pour les amateurs d&rsquo;aventures en plein air et les amoureux de la nature.<br \/>\nLes eaux cristallines de la rivi\u00e8re coulent \u00e0 travers un paysage \u00e9tonnant de gorges et de for\u00eats, offrant des possibilit\u00e9s de rafting, de kayak et de randonn\u00e9e.<br \/>\nLes sources de l&rsquo;Ach\u00e9ron sont particuli\u00e8rement belles, avec des eaux tranquilles entour\u00e9es d&rsquo;une v\u00e9g\u00e9tation luxuriante.<br \/>\nLes visiteurs peuvent \u00e9galement faire de l&rsquo;\u00e9quitation le long des rives ou explorer les villages traditionnels des environs, comme Glyki.<br \/>\nQue vous soyez int\u00e9ress\u00e9 par la mythologie ou les activit\u00e9s de plein air, l&rsquo;Ach\u00e9ron est une destination unique qui offre \u00e0 la fois aventure et s\u00e9r\u00e9nit\u00e9.    <\/p>\n\t\t\t\t\t\t\t\t<\/div>\n\t\t\t\t<\/div>\n\t\t\t\t\t<\/div>\n\t\t\t\t<\/div>\n\t\t<div data-particle_enable=\"false\" data-particle-mobile-disabled=\"false\" class=\"elementor-element elementor-element-d88cc1b e-flex e-con-boxed e-con e-parent\" data-id=\"d88cc1b\" data-element_type=\"container\">\n\t\t\t\t\t<div class=\"e-con-inner\">\n\t\t<div data-particle_enable=\"false\" data-particle-mobile-disabled=\"false\" class=\"elementor-element elementor-element-64b3368 e-con-full e-flex e-con e-child\" data-id=\"64b3368\" data-element_type=\"container\">\n\t\t\t\t<div class=\"elementor-element elementor-element-96d8ea5 elementor-widget elementor-widget-heading\" data-id=\"96d8ea5\" data-element_type=\"widget\" data-widget_type=\"heading.default\">\n\t\t\t\t<div class=\"elementor-widget-container\">\n\t\t\t\t\t<h3 class=\"elementor-heading-title elementor-size-default\">D\u00e9couvrez les meilleurs sites \u00e0 voir en \u00c9pire<\/h3>\t\t\t\t<\/div>\n\t\t\t\t<\/div>\n\t\t\t\t<\/div>\n\t\t\t\t\t<\/div>\n\t\t\t\t<\/div>\n\t\t<div data-particle_enable=\"false\" data-particle-mobile-disabled=\"false\" class=\"elementor-element elementor-element-e5c6681 e-flex e-con-boxed e-con e-parent\" data-id=\"e5c6681\" data-element_type=\"container\">\n\t\t\t\t\t<div class=\"e-con-inner\">\n\t\t<div data-particle_enable=\"false\" data-particle-mobile-disabled=\"false\" class=\"elementor-element elementor-element-30ed555 e-con-full e-flex e-con e-child\" data-id=\"30ed555\" data-element_type=\"container\">\n\t\t\t\t<div class=\"elementor-element elementor-element-702ed94 elementor-widget elementor-widget-eael-interactive-promo\" data-id=\"702ed94\" data-element_type=\"widget\" data-widget_type=\"eael-interactive-promo.default\">\n\t\t\t\t<div class=\"elementor-widget-container\">\n\t\t\t\t\t\t\t<div id=\"eael-promo-702ed94\" class=\"eael-interactive-promo\">\n\t\t\t<figure class=\"effect-ming\">\n\t\t\t\t<img decoding=\"async\" alt=\"\" src=\"https:\/\/offbeat-travel.com\/wp-content\/uploads\/2024\/09\/Best-travel-agency-in-Greece-for-authentic-experiences-in-Acheron-River.jpg\">\t\t\t\t<figcaption>\n\t\t\t\t\t<div>\n\t\t\t\t\t\t\t\t\t\t\t\t\t<h2>Rivi\u00e8re Ach\u00e9ron<\/h2>\n\t\t\t\t\t\t\n\t\t\t\t\t\t<p><\/p>\n\t\t\t\t\t<\/div>\n\t\t\t\t\t                        <a aria-label=\"Rivi\u00e8re Ach\u00e9ron\" href=\"#\" target=\"_blank\"><\/a>\n\t\t\t\t\t\t\t\t\t<\/figcaption>\n\t\t\t<\/figure>\n\t\t<\/div>\n\t\t\t\t\t\t<\/div>\n\t\t\t\t<\/div>\n\t\t\t\t<div class=\"elementor-element elementor-element-8603e18 elementor-widget elementor-widget-eael-interactive-promo\" data-id=\"8603e18\" data-element_type=\"widget\" data-widget_type=\"eael-interactive-promo.default\">\n\t\t\t\t<div class=\"elementor-widget-container\">\n\t\t\t\t\t\t\t<div id=\"eael-promo-8603e18\" class=\"eael-interactive-promo\">\n\t\t\t<figure class=\"effect-ming\">\n\t\t\t\t<img decoding=\"async\" alt=\"\" src=\"https:\/\/offbeat-travel.com\/wp-content\/uploads\/2024\/09\/Best-travel-agency-in-Greece-for-authentic-experiences-in-Parga.jpg\">\t\t\t\t<figcaption>\n\t\t\t\t\t<div>\n\t\t\t\t\t\t\t\t\t\t\t\t\t<h2>Parga<\/h2>\n\t\t\t\t\t\t\n\t\t\t\t\t\t<p><\/p>\n\t\t\t\t\t<\/div>\n\t\t\t\t\t                        <a aria-label=\"Parga\" href=\"#\" target=\"_blank\"><\/a>\n\t\t\t\t\t\t\t\t\t<\/figcaption>\n\t\t\t<\/figure>\n\t\t<\/div>\n\t\t\t\t\t\t<\/div>\n\t\t\t\t<\/div>\n\t\t\t\t<div class=\"elementor-element elementor-element-ba4fc09 elementor-widget elementor-widget-eael-interactive-promo\" data-id=\"ba4fc09\" data-element_type=\"widget\" data-widget_type=\"eael-interactive-promo.default\">\n\t\t\t\t<div class=\"elementor-widget-container\">\n\t\t\t\t\t\t\t<div id=\"eael-promo-ba4fc09\" class=\"eael-interactive-promo\">\n\t\t\t<figure class=\"effect-ming\">\n\t\t\t\t<img decoding=\"async\" alt=\"\" src=\"https:\/\/offbeat-travel.com\/wp-content\/uploads\/2024\/09\/Best-travel-agency-in-Greece-for-authentic-experiences-in-Vikos-Gorge.jpg\">\t\t\t\t<figcaption>\n\t\t\t\t\t<div>\n\t\t\t\t\t\t\t\t\t\t\t\t\t<h2>Gorges de Vikos<\/h2>\n\t\t\t\t\t\t\n\t\t\t\t\t\t<p><\/p>\n\t\t\t\t\t<\/div>\n\t\t\t\t\t                        <a aria-label=\"Gorges de Vikos\" href=\"#\" target=\"_blank\"><\/a>\n\t\t\t\t\t\t\t\t\t<\/figcaption>\n\t\t\t<\/figure>\n\t\t<\/div>\n\t\t\t\t\t\t<\/div>\n\t\t\t\t<\/div>\n\t\t\t\t<\/div>\n\t\t<div data-particle_enable=\"false\" data-particle-mobile-disabled=\"false\" class=\"elementor-element elementor-element-455b0ef e-con-full e-flex e-con e-child\" data-id=\"455b0ef\" data-element_type=\"container\">\n\t\t\t\t<div class=\"elementor-element elementor-element-97ab1ed elementor-widget elementor-widget-eael-interactive-promo\" data-id=\"97ab1ed\" data-element_type=\"widget\" data-widget_type=\"eael-interactive-promo.default\">\n\t\t\t\t<div class=\"elementor-widget-container\">\n\t\t\t\t\t\t\t<div id=\"eael-promo-97ab1ed\" class=\"eael-interactive-promo\">\n\t\t\t<figure class=\"effect-ming\">\n\t\t\t\t<img decoding=\"async\" alt=\"\" src=\"https:\/\/offbeat-travel.com\/wp-content\/uploads\/2024\/09\/Best-travel-agency-in-Greece-for-authentic-experiences-in-Ioannina.jpg\">\t\t\t\t<figcaption>\n\t\t\t\t\t<div>\n\t\t\t\t\t\t\t\t\t\t\t\t\t<h2>Ioannina<\/h2>\n\t\t\t\t\t\t\n\t\t\t\t\t\t<p><\/p>\n\t\t\t\t\t<\/div>\n\t\t\t\t\t                        <a aria-label=\"Ioannina\" href=\"#\" target=\"_blank\"><\/a>\n\t\t\t\t\t\t\t\t\t<\/figcaption>\n\t\t\t<\/figure>\n\t\t<\/div>\n\t\t\t\t\t\t<\/div>\n\t\t\t\t<\/div>\n\t\t\t\t<div class=\"elementor-element elementor-element-37f25bc elementor-widget elementor-widget-eael-interactive-promo\" data-id=\"37f25bc\" data-element_type=\"widget\" data-widget_type=\"eael-interactive-promo.default\">\n\t\t\t\t<div class=\"elementor-widget-container\">\n\t\t\t\t\t\t\t<div id=\"eael-promo-37f25bc\" class=\"eael-interactive-promo\">\n\t\t\t<figure class=\"effect-ming\">\n\t\t\t\t<img decoding=\"async\" alt=\"\" src=\"https:\/\/offbeat-travel.com\/wp-content\/uploads\/2024\/09\/Best-travel-agency-in-Greece-for-authentic-experiences-in-Syvota.jpg\">\t\t\t\t<figcaption>\n\t\t\t\t\t<div>\n\t\t\t\t\t\t\t\t\t\t\t\t\t<h2>Syvota<\/h2>\n\t\t\t\t\t\t\n\t\t\t\t\t\t<p><\/p>\n\t\t\t\t\t<\/div>\n\t\t\t\t\t                        <a aria-label=\"Syvota\" href=\"#\" target=\"_blank\"><\/a>\n\t\t\t\t\t\t\t\t\t<\/figcaption>\n\t\t\t<\/figure>\n\t\t<\/div>\n\t\t\t\t\t\t<\/div>\n\t\t\t\t<\/div>\n\t\t\t\t<div class=\"elementor-element elementor-element-0a515d5 elementor-widget elementor-widget-eael-interactive-promo\" data-id=\"0a515d5\" data-element_type=\"widget\" data-widget_type=\"eael-interactive-promo.default\">\n\t\t\t\t<div class=\"elementor-widget-container\">\n\t\t\t\t\t\t\t<div id=\"eael-promo-0a515d5\" class=\"eael-interactive-promo\">\n\t\t\t<figure class=\"effect-ming\">\n\t\t\t\t<img decoding=\"async\" alt=\"\" src=\"https:\/\/offbeat-travel.com\/wp-content\/uploads\/2024\/09\/Best-travel-agency-in-Greece-for-authentic-experiences-in-Zagoria.jpg\">\t\t\t\t<figcaption>\n\t\t\t\t\t<div>\n\t\t\t\t\t\t\t\t\t\t\t\t\t<h2>Zagoria<\/h2>\n\t\t\t\t\t\t\n\t\t\t\t\t\t<p><\/p>\n\t\t\t\t\t<\/div>\n\t\t\t\t\t                        <a aria-label=\"Zagoria\" href=\"#\" target=\"_blank\"><\/a>\n\t\t\t\t\t\t\t\t\t<\/figcaption>\n\t\t\t<\/figure>\n\t\t<\/div>\n\t\t\t\t\t\t<\/div>\n\t\t\t\t<\/div>\n\t\t\t\t<\/div>\n\t\t<div data-particle_enable=\"false\" data-particle-mobile-disabled=\"false\" class=\"elementor-element elementor-element-02bf8a7 e-con-full e-flex e-con e-child\" data-id=\"02bf8a7\" data-element_type=\"container\">\n\t\t\t\t<div class=\"elementor-element elementor-element-9291af3 elementor-widget elementor-widget-eael-interactive-promo\" data-id=\"9291af3\" data-element_type=\"widget\" data-widget_type=\"eael-interactive-promo.default\">\n\t\t\t\t<div class=\"elementor-widget-container\">\n\t\t\t\t\t\t\t<div id=\"eael-promo-9291af3\" class=\"eael-interactive-promo\">\n\t\t\t<figure class=\"effect-ming\">\n\t\t\t\t<img decoding=\"async\" alt=\"\" src=\"https:\/\/offbeat-travel.com\/wp-content\/uploads\/2024\/09\/Best-travel-agency-in-Greece-for-authentic-experiences-in-Metsovo.jpg\">\t\t\t\t<figcaption>\n\t\t\t\t\t<div>\n\t\t\t\t\t\t\t\t\t\t\t\t\t<h2>Metsovo<\/h2>\n\t\t\t\t\t\t\n\t\t\t\t\t\t<p><\/p>\n\t\t\t\t\t<\/div>\n\t\t\t\t\t                        <a aria-label=\"Metsovo\" href=\"#\" target=\"_blank\"><\/a>\n\t\t\t\t\t\t\t\t\t<\/figcaption>\n\t\t\t<\/figure>\n\t\t<\/div>\n\t\t\t\t\t\t<\/div>\n\t\t\t\t<\/div>\n\t\t\t\t<div class=\"elementor-element elementor-element-d878289 elementor-widget elementor-widget-eael-interactive-promo\" data-id=\"d878289\" data-element_type=\"widget\" data-widget_type=\"eael-interactive-promo.default\">\n\t\t\t\t<div class=\"elementor-widget-container\">\n\t\t\t\t\t\t\t<div id=\"eael-promo-d878289\" class=\"eael-interactive-promo\">\n\t\t\t<figure class=\"effect-ming\">\n\t\t\t\t<img decoding=\"async\" alt=\"\" src=\"https:\/\/offbeat-travel.com\/wp-content\/uploads\/2024\/09\/Best-travel-agency-in-Greece-for-authentic-experiences-in-Tzoumerka.jpg\">\t\t\t\t<figcaption>\n\t\t\t\t\t<div>\n\t\t\t\t\t\t\t\t\t\t\t\t\t<h2>Tzoumerka<\/h2>\n\t\t\t\t\t\t\n\t\t\t\t\t\t<p><\/p>\n\t\t\t\t\t<\/div>\n\t\t\t\t\t                        <a aria-label=\"Tzoumerka\" href=\"#\" target=\"_blank\"><\/a>\n\t\t\t\t\t\t\t\t\t<\/figcaption>\n\t\t\t<\/figure>\n\t\t<\/div>\n\t\t\t\t\t\t<\/div>\n\t\t\t\t<\/div>\n\t\t\t\t<\/div>\n\t\t\t\t\t<\/div>\n\t\t\t\t<\/div>\n\t\t\t\t<\/div>\n\t\t","protected":false},"excerpt":{"rendered":"<p>Vous voulez visiter l&rsquo;Ach\u00e9ron ?<br \/>\nProfitez de vacances actives en Gr\u00e8ce en vivant des exp\u00e9riences authentiques dans la nature avec Offbeat Travel. <\/p>\n","protected":false},"author":3,"featured_media":2940,"parent":4652,"menu_order":0,"comment_status":"closed","ping_status":"closed","template":"elementor_header_footer","meta":{"footnotes":""},"class_list":["post-4754","page","type-page","status-publish","has-post-thumbnail","hentry"],"_links":{"self":[{"href":"https:\/\/offbeat-travel.com\/fr\/wp-json\/wp\/v2\/pages\/4754","targetHints":{"allow":["GET"]}}],"collection":[{"href":"https:\/\/offbeat-travel.com\/fr\/wp-json\/wp\/v2\/pages"}],"about":[{"href":"https:\/\/offbeat-travel.com\/fr\/wp-json\/wp\/v2\/types\/page"}],"author":[{"embeddable":true,"href":"https:\/\/offbeat-travel.com\/fr\/wp-json\/wp\/v2\/users\/3"}],"replies":[{"embeddable":true,"href":"https:\/\/offbeat-travel.com\/fr\/wp-json\/wp\/v2\/comments?post=4754"}],"version-history":[{"count":6,"href":"https:\/\/offbeat-travel.com\/fr\/wp-json\/wp\/v2\/pages\/4754\/revisions"}],"predecessor-version":[{"id":4904,"href":"https:\/\/offbeat-travel.com\/fr\/wp-json\/wp\/v2\/pages\/4754\/revisions\/4904"}],"up":[{"embeddable":true,"href":"https:\/\/offbeat-travel.com\/fr\/wp-json\/wp\/v2\/pages\/4652"}],"wp:featuredmedia":[{"embeddable":true,"href":"https:\/\/offbeat-travel.com\/fr\/wp-json\/wp\/v2\/media\/2940"}],"wp:attachment":[{"href":"https:\/\/offbeat-travel.com\/fr\/wp-json\/wp\/v2\/media?parent=4754"}],"curies":[{"name":"wp","href":"https:\/\/api.w.org\/{rel}","templated":true}]}}